{"id":28,"date":"2018-03-15T15:57:35","date_gmt":"2018-03-15T18:57:35","guid":{"rendered":"https:\/\/adole-sendo.info\/pesquisadores\/?page_id=28"},"modified":"2018-03-15T15:57:35","modified_gmt":"2018-03-15T18:57:35","slug":"equipe","status":"publish","type":"page","link":"https:\/\/adole-sendo.info\/pesquisadores\/equipe\/","title":{"rendered":"Equipe"},"content":{"rendered":"<p><strong>Pesquisadora Respons\u00e1vel:<\/strong><\/p>\n<p>Dra. Sabine Pompeia*<\/p>\n<p><strong>Pesquisadores Principais:<\/strong><\/p>\n<p>Dr. Hugo Moreira Cogo<\/p>\n<p>Dra. M\u00f4nica Carolina Miranda*<\/p>\n<p><strong>Pesquisadores:<\/strong><\/p>\n<p>Dra. Ana Regina Noto* (contribui\u00e7\u00e3o na \u00e1rea de drogas de abuso: UNIFESP);<\/p>\n<p>Dra. D\u00e9bora Cristina Hip\u00f3lide* (contribui\u00e7\u00e3o na \u00e1rea de cronobiologia: UNIFESP);<\/p>\n<p>Dra. Hanna Karen Moreira Antunes *(contribui\u00e7\u00e3o na \u00e1rea de exerc\u00edcio: UNIFESP);<\/p>\n<p>Dra. Juliana Nery Talarico (contribui\u00e7\u00e3o na \u00e1rea de estresse: USP);<\/p>\n<p>Dra. M\u00e1rcia Pradella-Hallinan (contribui\u00e7\u00e3o na \u00e1rea de sono: AFIP);<\/p>\n<p>Dra. Maria Laura Nogueira (Pires contribui\u00e7\u00e3o na \u00e1rea de contexto familiar: UNESP-ASSIS);<\/p>\n<p>Dr. Mauro Fisberg (contribui\u00e7\u00e3o na \u00e1rea de hebiatria; UNIFESP);<\/p>\n<p>Dra. V\u00e2nia D\u2019Almeida* (contribui\u00e7\u00e3o na \u00e1rea de transtornos metab\u00f3lico: UNIFESP)<\/p>\n<p><strong>Parceiros internacionais:<\/strong><\/p>\n<p><strong>P\u00f3s-graduandos envolvidos:<\/strong><\/p>\n<p>Gislaine de Almeida Valverde Zanini (doutorado; in\u00edcio 2016)<\/p>\n<p><strong>Alunos de gradua\u00e7\u00e3o envolvidos:<\/strong><\/p>\n<p>Luanna Maristella Inacio (2017)<\/p>\n<p>Rafaella Sales\u00a0 de Freitas (2017)<\/p>\n<p><strong>Apoio t\u00e9cnico (UNIFESP):<\/strong><\/p>\n<p>Eveli\u00a0 Truksinas<\/p>\n<p><strong>Outros ajudantes:<\/strong><\/p>\n<p>&nbsp;<\/p>\n","protected":false},"excerpt":{"rendered":"<p>Pesquisadora Respons\u00e1vel: Dra. Sabine Pompeia* Pesquisadores Principais: Dr. Hugo Moreira Cogo Dra. M\u00f4nica Carolina Miranda* Pesquisadores: Dra. Ana Regina Noto* (contribui\u00e7\u00e3o na \u00e1rea de drogas de abuso: UNIFESP); Dra. D\u00e9bora Cristina Hip\u00f3lide* (contribui\u00e7\u00e3o na \u00e1rea de cronobiologia: UNIFESP); Dra. Hanna Karen Moreira Antunes *(contribui\u00e7\u00e3o na \u00e1rea de exerc\u00edcio: UNIFESP); Dra. Juliana Nery Talarico (contribui\u00e7\u00e3o na&hellip; <br \/> <a class=\"button small blue\" href=\"https:\/\/adole-sendo.info\/pesquisadores\/equipe\/\">Leia mais<\/a><\/p>\n","protected":false},"author":1,"featured_media":0,"parent":0,"menu_order":0,"comment_status":"closed","ping_status":"closed","template":"","meta":{"footnotes":""},"class_list":["post-28","page","type-page","status-publish","hentry"],"yoast_head":"<!-- This site is optimized with the Yoast SEO plugin v23.7 - https:\/\/yoast.com\/wordpress\/plugins\/seo\/ -->\n<title>Equipe - Pesquisadores<\/title>\n<meta name=\"description\" content=\"Pesquisadora Respons\u00e1vel: Dra. Sabine Pompeia* Pesquisadores Principais: Dr. Hugo Moreira Cogo Dra. M\u00f4nica Carol\" \/>\n<meta name=\"robots\" content=\"index, follow, max-snippet:-1, max-image-preview:large, max-video-preview:-1\" \/>\n<link rel=\"canonical\" href=\"https:\/\/adole-sendo.info\/pesquisadores\/equipe\/\" \/>\n<meta property=\"og:locale\" content=\"pt_BR\" \/>\n<meta property=\"og:type\" content=\"article\" \/>\n<meta property=\"og:title\" content=\"Equipe - Pesquisadores\" \/>\n<meta property=\"og:description\" content=\"Pesquisadora Respons\u00e1vel: Dra. Sabine Pompeia* Pesquisadores Principais: Dr. Hugo Moreira Cogo Dra. M\u00f4nica Carol\" \/>\n<meta property=\"og:url\" content=\"https:\/\/adole-sendo.info\/pesquisadores\/equipe\/\" \/>\n<meta property=\"og:site_name\" content=\"Pesquisadores\" \/>\n<meta name=\"twitter:card\" content=\"summary_large_image\" \/>\n<meta name=\"twitter:label1\" content=\"Est. tempo de leitura\" \/>\n\t<meta name=\"twitter:data1\" content=\"1 minuto\" \/>\n<script type=\"application\/ld+json\" class=\"yoast-schema-graph\">{\"@context\":\"https:\/\/schema.org\",\"@graph\":[{\"@type\":\"WebPage\",\"@id\":\"https:\/\/adole-sendo.info\/pesquisadores\/equipe\/\",\"url\":\"https:\/\/adole-sendo.info\/pesquisadores\/equipe\/\",\"name\":\"Equipe - Pesquisadores\",\"isPartOf\":{\"@id\":\"https:\/\/adole-sendo.info\/pesquisadores\/#website\"},\"datePublished\":\"2018-03-15T18:57:35+00:00\",\"dateModified\":\"2018-03-15T18:57:35+00:00\",\"description\":\"Pesquisadora Respons\u00e1vel: Dra. Sabine Pompeia* Pesquisadores Principais: Dr. Hugo Moreira Cogo Dra. M\u00f4nica Carol\",\"breadcrumb\":{\"@id\":\"https:\/\/adole-sendo.info\/pesquisadores\/equipe\/#breadcrumb\"},\"inLanguage\":\"pt-BR\",\"potentialAction\":[{\"@type\":\"ReadAction\",\"target\":[\"https:\/\/adole-sendo.info\/pesquisadores\/equipe\/\"]}]},{\"@type\":\"BreadcrumbList\",\"@id\":\"https:\/\/adole-sendo.info\/pesquisadores\/equipe\/#breadcrumb\",\"itemListElement\":[{\"@type\":\"ListItem\",\"position\":1,\"name\":\"In\u00edcio\",\"item\":\"https:\/\/adole-sendo.info\/pesquisadores\/\"},{\"@type\":\"ListItem\",\"position\":2,\"name\":\"Equipe\"}]},{\"@type\":\"WebSite\",\"@id\":\"https:\/\/adole-sendo.info\/pesquisadores\/#website\",\"url\":\"https:\/\/adole-sendo.info\/pesquisadores\/\",\"name\":\"Pesquisadores\",\"description\":\"Portal Adole-sendo\",\"publisher\":{\"@id\":\"https:\/\/adole-sendo.info\/pesquisadores\/#organization\"},\"potentialAction\":[{\"@type\":\"SearchAction\",\"target\":{\"@type\":\"EntryPoint\",\"urlTemplate\":\"https:\/\/adole-sendo.info\/pesquisadores\/?s={search_term_string}\"},\"query-input\":{\"@type\":\"PropertyValueSpecification\",\"valueRequired\":true,\"valueName\":\"search_term_string\"}}],\"inLanguage\":\"pt-BR\"},{\"@type\":\"Organization\",\"@id\":\"https:\/\/adole-sendo.info\/pesquisadores\/#organization\",\"name\":\"Pesquisadores\",\"url\":\"https:\/\/adole-sendo.info\/pesquisadores\/\",\"logo\":{\"@type\":\"ImageObject\",\"inLanguage\":\"pt-BR\",\"@id\":\"https:\/\/adole-sendo.info\/pesquisadores\/#\/schema\/logo\/image\/\",\"url\":\"https:\/\/adole-sendo.info\/pesquisadores\/wp-content\/uploads\/sites\/6\/2022\/04\/logopretopequeno.fw_.png\",\"contentUrl\":\"https:\/\/adole-sendo.info\/pesquisadores\/wp-content\/uploads\/sites\/6\/2022\/04\/logopretopequeno.fw_.png\",\"width\":1119,\"height\":1245,\"caption\":\"Pesquisadores\"},\"image\":{\"@id\":\"https:\/\/adole-sendo.info\/pesquisadores\/#\/schema\/logo\/image\/\"}}]}<\/script>\n<!-- \/ Yoast SEO plugin. -->","yoast_head_json":{"title":"Equipe - Pesquisadores","description":"Pesquisadora Respons\u00e1vel: Dra. Sabine Pompeia* Pesquisadores Principais: Dr. Hugo Moreira Cogo Dra. M\u00f4nica Carol","robots":{"index":"index","follow":"follow","max-snippet":"max-snippet:-1","max-image-preview":"max-image-preview:large","max-video-preview":"max-video-preview:-1"},"canonical":"https:\/\/adole-sendo.info\/pesquisadores\/equipe\/","og_locale":"pt_BR","og_type":"article","og_title":"Equipe - Pesquisadores","og_description":"Pesquisadora Respons\u00e1vel: Dra. Sabine Pompeia* Pesquisadores Principais: Dr. Hugo Moreira Cogo Dra. M\u00f4nica Carol","og_url":"https:\/\/adole-sendo.info\/pesquisadores\/equipe\/","og_site_name":"Pesquisadores","twitter_card":"summary_large_image","twitter_misc":{"Est. tempo de leitura":"1 minuto"},"schema":{"@context":"https:\/\/schema.org","@graph":[{"@type":"WebPage","@id":"https:\/\/adole-sendo.info\/pesquisadores\/equipe\/","url":"https:\/\/adole-sendo.info\/pesquisadores\/equipe\/","name":"Equipe - Pesquisadores","isPartOf":{"@id":"https:\/\/adole-sendo.info\/pesquisadores\/#website"},"datePublished":"2018-03-15T18:57:35+00:00","dateModified":"2018-03-15T18:57:35+00:00","description":"Pesquisadora Respons\u00e1vel: Dra. Sabine Pompeia* Pesquisadores Principais: Dr. Hugo Moreira Cogo Dra. M\u00f4nica Carol","breadcrumb":{"@id":"https:\/\/adole-sendo.info\/pesquisadores\/equipe\/#breadcrumb"},"inLanguage":"pt-BR","potentialAction":[{"@type":"ReadAction","target":["https:\/\/adole-sendo.info\/pesquisadores\/equipe\/"]}]},{"@type":"BreadcrumbList","@id":"https:\/\/adole-sendo.info\/pesquisadores\/equipe\/#breadcrumb","itemListElement":[{"@type":"ListItem","position":1,"name":"In\u00edcio","item":"https:\/\/adole-sendo.info\/pesquisadores\/"},{"@type":"ListItem","position":2,"name":"Equipe"}]},{"@type":"WebSite","@id":"https:\/\/adole-sendo.info\/pesquisadores\/#website","url":"https:\/\/adole-sendo.info\/pesquisadores\/","name":"Pesquisadores","description":"Portal Adole-sendo","publisher":{"@id":"https:\/\/adole-sendo.info\/pesquisadores\/#organization"},"potentialAction":[{"@type":"SearchAction","target":{"@type":"EntryPoint","urlTemplate":"https:\/\/adole-sendo.info\/pesquisadores\/?s={search_term_string}"},"query-input":{"@type":"PropertyValueSpecification","valueRequired":true,"valueName":"search_term_string"}}],"inLanguage":"pt-BR"},{"@type":"Organization","@id":"https:\/\/adole-sendo.info\/pesquisadores\/#organization","name":"Pesquisadores","url":"https:\/\/adole-sendo.info\/pesquisadores\/","logo":{"@type":"ImageObject","inLanguage":"pt-BR","@id":"https:\/\/adole-sendo.info\/pesquisadores\/#\/schema\/logo\/image\/","url":"https:\/\/adole-sendo.info\/pesquisadores\/wp-content\/uploads\/sites\/6\/2022\/04\/logopretopequeno.fw_.png","contentUrl":"https:\/\/adole-sendo.info\/pesquisadores\/wp-content\/uploads\/sites\/6\/2022\/04\/logopretopequeno.fw_.png","width":1119,"height":1245,"caption":"Pesquisadores"},"image":{"@id":"https:\/\/adole-sendo.info\/pesquisadores\/#\/schema\/logo\/image\/"}}]}},"_links":{"self":[{"href":"https:\/\/adole-sendo.info\/pesquisadores\/wp-json\/wp\/v2\/pages\/28"}],"collection":[{"href":"https:\/\/adole-sendo.info\/pesquisadores\/wp-json\/wp\/v2\/pages"}],"about":[{"href":"https:\/\/adole-sendo.info\/pesquisadores\/wp-json\/wp\/v2\/types\/page"}],"author":[{"embeddable":true,"href":"https:\/\/adole-sendo.info\/pesquisadores\/wp-json\/wp\/v2\/users\/1"}],"replies":[{"embeddable":true,"href":"https:\/\/adole-sendo.info\/pesquisadores\/wp-json\/wp\/v2\/comments?post=28"}],"version-history":[{"count":1,"href":"https:\/\/adole-sendo.info\/pesquisadores\/wp-json\/wp\/v2\/pages\/28\/revisions"}],"predecessor-version":[{"id":29,"href":"https:\/\/adole-sendo.info\/pesquisadores\/wp-json\/wp\/v2\/pages\/28\/revisions\/29"}],"wp:attachment":[{"href":"https:\/\/adole-sendo.info\/pesquisadores\/wp-json\/wp\/v2\/media?parent=28"}],"curies":[{"name":"wp","href":"https:\/\/api.w.org\/{rel}","templated":true}]}}