{"id":551,"date":"2018-03-26T20:29:24","date_gmt":"2018-03-26T20:29:24","guid":{"rendered":"https:\/\/adole-sendo.info\/?page_id=551"},"modified":"2023-01-24T17:20:25","modified_gmt":"2023-01-24T20:20:25","slug":"marcia-lurdes-de-cassia-pradella-hallinan","status":"publish","type":"page","link":"https:\/\/adole-sendo.info\/equipe\/marcia-lurdes-de-cassia-pradella-hallinan\/","title":{"rendered":"M\u00e1rcia Lurdes de C\u00e1ssia Pradella-Hallinan"},"content":{"rendered":"\t\t<div data-elementor-type=\"wp-page\" data-elementor-id=\"551\" class=\"elementor elementor-551\">\n\t\t\t\t\t\t<div class=\"elementor-inner\">\n\t\t\t\t<div class=\"elementor-section-wrap\">\n\t\t\t\t\t\t\t\t\t<section class=\"elementor-section elementor-top-section elementor-element elementor-element-78da3496 elementor-section-boxed elementor-section-height-default elementor-section-height-default\" data-id=\"78da3496\" data-element_type=\"section\">\n\t\t\t\t\t\t<div class=\"elementor-container elementor-column-gap-default\">\n\t\t\t\t\t\t\t<div class=\"elementor-row\">\n\t\t\t\t\t<div class=\"elementor-column elementor-col-100 elementor-top-column elementor-element elementor-element-515035b7\" data-id=\"515035b7\" data-element_type=\"column\">\n\t\t\t<div class=\"elementor-column-wrap elementor-element-populated\">\n\t\t\t\t\t\t\t<div class=\"elementor-widget-wrap\">\n\t\t\t\t\t\t<div class=\"elementor-element elementor-element-ffeea4b elementor-widget elementor-widget-spacer\" data-id=\"ffeea4b\" data-element_type=\"widget\" data-widget_type=\"spacer.default\">\n\t\t\t\t<div class=\"elementor-widget-container\">\n\t\t\t\t\t<div class=\"elementor-spacer\">\n\t\t\t<div class=\"elementor-spacer-inner\"><\/div>\n\t\t<\/div>\n\t\t\t\t<\/div>\n\t\t\t\t<\/div>\n\t\t\t\t<div class=\"elementor-element elementor-element-3f91b1b1 elementor-widget elementor-widget-text-editor\" data-id=\"3f91b1b1\" data-element_type=\"widget\" data-widget_type=\"text-editor.default\">\n\t\t\t\t<div class=\"elementor-widget-container\">\n\t\t\t\t\t\t\t\t<div class=\"elementor-text-editor elementor-clearfix\">\n\t\t\t\t<strong><img loading=\"lazy\" decoding=\"async\" class=\"alignleft wp-image-179\" src=\"https:\/\/adole-sendo.info\/wp-content\/uploads\/2018\/01\/marcia.png\" alt=\"\" width=\"153\" height=\"204\" \/>CV abreviado: <\/strong>Graduou-se em Medicina pela Funda\u00e7\u00e3o Benedito Pereira Nunes, Faculdade de Medicina de Campos (1983), realizou seu mestrado pela Universit\u00e9 Catholique de Louvain (1993) e doutorado pela Universidade Federal de S\u00e3o Paulo. Tem t\u00edtulo de Especializa\u00e7\u00e3o em Neurologia e Acupuntura e Medicina do Sono pela Associa\u00e7\u00e3o M\u00e9dica Brasileira. Atualmente \u00e9 m\u00e9dica assistente e professora visitante da Universidade Federal de S\u00e3o Paulo e respons\u00e1vel pelo setor de pediatria da Associa\u00e7\u00e3o Fundo de Incentivo \u00e0 Pesquisa, m\u00e9dica assistente da Associa\u00e7\u00e3o Fundo de Incentivo \u00e0 Pesquisa, docente de p\u00f3s-gradua\u00e7\u00e3o da Universidade Ibirapuera, membro efetivo da Sociedade Brasileira de Pediatria, da Sociedade de Pediatria de\r\n\r\nS\u00e3o Paulo, International Pediatric Sleep Association, Sociedade Brasileira de Sono e do Col\u00e9gio Brasileiro de Acupuntura. Tem experi\u00eancia na \u00e1rea de Medicina, com \u00eanfase em Neurologia e Neuropediatria, atuando principalmente nos seguintes temas: dist\u00farbios do sono na crian\u00e7a e em adultos, acompanhamento de pacientes com dist\u00farbios respirat\u00f3rios associados \u00e0s doen\u00e7as neuro-musculares, narcolepsia, s\u00edndrome da apn\u00e9ia obstrutiva do sono. Tamb\u00e9m atua como m\u00e9dica volunt\u00e1ria no ambulat\u00f3rio de acupuntura do Hospital S\u00e3o Paulo da UNIFESP.\r\n\r\n&nbsp;\r\n\r\n&nbsp;\t\t\t\t\t<\/div>\n\t\t\t\t\t\t<\/div>\n\t\t\t\t<\/div>\n\t\t\t\t\t\t<\/div>\n\t\t\t\t\t<\/div>\n\t\t<\/div>\n\t\t\t\t\t\t\t\t<\/div>\n\t\t\t\t\t<\/div>\n\t\t<\/section>\n\t\t\t\t\t\t\t\t\t<\/div>\n\t\t\t<\/div>\n\t\t\t\t\t<\/div>\n\t\t","protected":false},"excerpt":{"rendered":"<p>CV abreviado: Graduou-se em Medicina pela Funda\u00e7\u00e3o Benedito Pereira Nunes, Faculdade de Medicina de Campos (1983), realizou seu mestrado pela Universit\u00e9 Catholique de Louvain (1993) e doutorado pela Universidade Federal de S\u00e3o Paulo. Tem t\u00edtulo de Especializa\u00e7\u00e3o em Neurologia e Acupuntura e Medicina do Sono pela Associa\u00e7\u00e3o M\u00e9dica Brasileira. Atualmente \u00e9 m\u00e9dica assistente e professora&hellip; <br \/> <a class=\"button small blue\" href=\"https:\/\/adole-sendo.info\/equipe\/marcia-lurdes-de-cassia-pradella-hallinan\/\">Leia mais<\/a><\/p>\n","protected":false},"author":1,"featured_media":191,"parent":0,"menu_order":0,"comment_status":"closed","ping_status":"closed","template":"","meta":{"footnotes":""},"class_list":["post-551","page","type-page","status-publish","has-post-thumbnail","hentry"],"yoast_head":"<!-- This site is optimized with the Yoast SEO plugin v23.7 - https:\/\/yoast.com\/wordpress\/plugins\/seo\/ -->\n<title>M\u00e1rcia Lurdes de C\u00e1ssia Pradella-Hallinan - Equipe<\/title>\n<meta name=\"description\" content=\"CV abreviado: Graduou-se em Medicin\" \/>\n<meta name=\"robots\" content=\"index, follow, max-snippet:-1, max-image-preview:large, max-video-preview:-1\" \/>\n<link rel=\"canonical\" href=\"https:\/\/adole-sendo.info\/equipe\/marcia-lurdes-de-cassia-pradella-hallinan\/\" \/>\n<meta property=\"og:locale\" content=\"pt_BR\" \/>\n<meta property=\"og:type\" content=\"article\" \/>\n<meta property=\"og:title\" content=\"M\u00e1rcia Lurdes de C\u00e1ssia Pradella-Hallinan - Equipe\" \/>\n<meta property=\"og:description\" content=\"CV abreviado: Graduou-se em Medicin\" \/>\n<meta property=\"og:url\" content=\"https:\/\/adole-sendo.info\/equipe\/marcia-lurdes-de-cassia-pradella-hallinan\/\" \/>\n<meta property=\"og:site_name\" content=\"Equipe\" \/>\n<meta property=\"article:modified_time\" content=\"2023-01-24T20:20:25+00:00\" \/>\n<meta name=\"twitter:card\" content=\"summary_large_image\" \/>\n<meta name=\"twitter:label1\" content=\"Est. tempo de leitura\" \/>\n\t<meta name=\"twitter:data1\" content=\"1 minuto\" \/>\n<script type=\"application\/ld+json\" class=\"yoast-schema-graph\">{\"@context\":\"https:\/\/schema.org\",\"@graph\":[{\"@type\":\"WebPage\",\"@id\":\"https:\/\/adole-sendo.info\/equipe\/marcia-lurdes-de-cassia-pradella-hallinan\/\",\"url\":\"https:\/\/adole-sendo.info\/equipe\/marcia-lurdes-de-cassia-pradella-hallinan\/\",\"name\":\"M\u00e1rcia Lurdes de C\u00e1ssia Pradella-Hallinan - Equipe\",\"isPartOf\":{\"@id\":\"https:\/\/adole-sendo.info\/equipe\/#website\"},\"primaryImageOfPage\":{\"@id\":\"https:\/\/adole-sendo.info\/equipe\/marcia-lurdes-de-cassia-pradella-hallinan\/#primaryimage\"},\"image\":{\"@id\":\"https:\/\/adole-sendo.info\/equipe\/marcia-lurdes-de-cassia-pradella-hallinan\/#primaryimage\"},\"thumbnailUrl\":\"\",\"datePublished\":\"2018-03-26T20:29:24+00:00\",\"dateModified\":\"2023-01-24T20:20:25+00:00\",\"description\":\"CV abreviado: Graduou-se em Medicin\",\"breadcrumb\":{\"@id\":\"https:\/\/adole-sendo.info\/equipe\/marcia-lurdes-de-cassia-pradella-hallinan\/#breadcrumb\"},\"inLanguage\":\"pt-BR\",\"potentialAction\":[{\"@type\":\"ReadAction\",\"target\":[\"https:\/\/adole-sendo.info\/equipe\/marcia-lurdes-de-cassia-pradella-hallinan\/\"]}]},{\"@type\":\"ImageObject\",\"inLanguage\":\"pt-BR\",\"@id\":\"https:\/\/adole-sendo.info\/equipe\/marcia-lurdes-de-cassia-pradella-hallinan\/#primaryimage\",\"url\":\"\",\"contentUrl\":\"\"},{\"@type\":\"BreadcrumbList\",\"@id\":\"https:\/\/adole-sendo.info\/equipe\/marcia-lurdes-de-cassia-pradella-hallinan\/#breadcrumb\",\"itemListElement\":[{\"@type\":\"ListItem\",\"position\":1,\"name\":\"In\u00edcio\",\"item\":\"https:\/\/adole-sendo.info\/equipe\/\"},{\"@type\":\"ListItem\",\"position\":2,\"name\":\"M\u00e1rcia Lurdes de C\u00e1ssia Pradella-Hallinan\"}]},{\"@type\":\"WebSite\",\"@id\":\"https:\/\/adole-sendo.info\/equipe\/#website\",\"url\":\"https:\/\/adole-sendo.info\/equipe\/\",\"name\":\"Equipe\",\"description\":\"\",\"publisher\":{\"@id\":\"https:\/\/adole-sendo.info\/equipe\/#organization\"},\"potentialAction\":[{\"@type\":\"SearchAction\",\"target\":{\"@type\":\"EntryPoint\",\"urlTemplate\":\"https:\/\/adole-sendo.info\/equipe\/?s={search_term_string}\"},\"query-input\":{\"@type\":\"PropertyValueSpecification\",\"valueRequired\":true,\"valueName\":\"search_term_string\"}}],\"inLanguage\":\"pt-BR\"},{\"@type\":\"Organization\",\"@id\":\"https:\/\/adole-sendo.info\/equipe\/#organization\",\"name\":\"Equipe\",\"url\":\"https:\/\/adole-sendo.info\/equipe\/\",\"logo\":{\"@type\":\"ImageObject\",\"inLanguage\":\"pt-BR\",\"@id\":\"https:\/\/adole-sendo.info\/equipe\/#\/schema\/logo\/image\/\",\"url\":\"https:\/\/adole-sendo.info\/equipe\/wp-content\/uploads\/sites\/9\/2022\/05\/logopretopequeno.fw_-270x300.png\",\"contentUrl\":\"https:\/\/adole-sendo.info\/equipe\/wp-content\/uploads\/sites\/9\/2022\/05\/logopretopequeno.fw_-270x300.png\",\"width\":270,\"height\":300,\"caption\":\"Equipe\"},\"image\":{\"@id\":\"https:\/\/adole-sendo.info\/equipe\/#\/schema\/logo\/image\/\"}}]}<\/script>\n<!-- \/ Yoast SEO plugin. -->","yoast_head_json":{"title":"M\u00e1rcia Lurdes de C\u00e1ssia Pradella-Hallinan - Equipe","description":"CV abreviado: Graduou-se em Medicin","robots":{"index":"index","follow":"follow","max-snippet":"max-snippet:-1","max-image-preview":"max-image-preview:large","max-video-preview":"max-video-preview:-1"},"canonical":"https:\/\/adole-sendo.info\/equipe\/marcia-lurdes-de-cassia-pradella-hallinan\/","og_locale":"pt_BR","og_type":"article","og_title":"M\u00e1rcia Lurdes de C\u00e1ssia Pradella-Hallinan - Equipe","og_description":"CV abreviado: Graduou-se em Medicin","og_url":"https:\/\/adole-sendo.info\/equipe\/marcia-lurdes-de-cassia-pradella-hallinan\/","og_site_name":"Equipe","article_modified_time":"2023-01-24T20:20:25+00:00","twitter_card":"summary_large_image","twitter_misc":{"Est. tempo de leitura":"1 minuto"},"schema":{"@context":"https:\/\/schema.org","@graph":[{"@type":"WebPage","@id":"https:\/\/adole-sendo.info\/equipe\/marcia-lurdes-de-cassia-pradella-hallinan\/","url":"https:\/\/adole-sendo.info\/equipe\/marcia-lurdes-de-cassia-pradella-hallinan\/","name":"M\u00e1rcia Lurdes de C\u00e1ssia Pradella-Hallinan - Equipe","isPartOf":{"@id":"https:\/\/adole-sendo.info\/equipe\/#website"},"primaryImageOfPage":{"@id":"https:\/\/adole-sendo.info\/equipe\/marcia-lurdes-de-cassia-pradella-hallinan\/#primaryimage"},"image":{"@id":"https:\/\/adole-sendo.info\/equipe\/marcia-lurdes-de-cassia-pradella-hallinan\/#primaryimage"},"thumbnailUrl":"","datePublished":"2018-03-26T20:29:24+00:00","dateModified":"2023-01-24T20:20:25+00:00","description":"CV abreviado: Graduou-se em Medicin","breadcrumb":{"@id":"https:\/\/adole-sendo.info\/equipe\/marcia-lurdes-de-cassia-pradella-hallinan\/#breadcrumb"},"inLanguage":"pt-BR","potentialAction":[{"@type":"ReadAction","target":["https:\/\/adole-sendo.info\/equipe\/marcia-lurdes-de-cassia-pradella-hallinan\/"]}]},{"@type":"ImageObject","inLanguage":"pt-BR","@id":"https:\/\/adole-sendo.info\/equipe\/marcia-lurdes-de-cassia-pradella-hallinan\/#primaryimage","url":"","contentUrl":""},{"@type":"BreadcrumbList","@id":"https:\/\/adole-sendo.info\/equipe\/marcia-lurdes-de-cassia-pradella-hallinan\/#breadcrumb","itemListElement":[{"@type":"ListItem","position":1,"name":"In\u00edcio","item":"https:\/\/adole-sendo.info\/equipe\/"},{"@type":"ListItem","position":2,"name":"M\u00e1rcia Lurdes de C\u00e1ssia Pradella-Hallinan"}]},{"@type":"WebSite","@id":"https:\/\/adole-sendo.info\/equipe\/#website","url":"https:\/\/adole-sendo.info\/equipe\/","name":"Equipe","description":"","publisher":{"@id":"https:\/\/adole-sendo.info\/equipe\/#organization"},"potentialAction":[{"@type":"SearchAction","target":{"@type":"EntryPoint","urlTemplate":"https:\/\/adole-sendo.info\/equipe\/?s={search_term_string}"},"query-input":{"@type":"PropertyValueSpecification","valueRequired":true,"valueName":"search_term_string"}}],"inLanguage":"pt-BR"},{"@type":"Organization","@id":"https:\/\/adole-sendo.info\/equipe\/#organization","name":"Equipe","url":"https:\/\/adole-sendo.info\/equipe\/","logo":{"@type":"ImageObject","inLanguage":"pt-BR","@id":"https:\/\/adole-sendo.info\/equipe\/#\/schema\/logo\/image\/","url":"https:\/\/adole-sendo.info\/equipe\/wp-content\/uploads\/sites\/9\/2022\/05\/logopretopequeno.fw_-270x300.png","contentUrl":"https:\/\/adole-sendo.info\/equipe\/wp-content\/uploads\/sites\/9\/2022\/05\/logopretopequeno.fw_-270x300.png","width":270,"height":300,"caption":"Equipe"},"image":{"@id":"https:\/\/adole-sendo.info\/equipe\/#\/schema\/logo\/image\/"}}]}},"_links":{"self":[{"href":"https:\/\/adole-sendo.info\/equipe\/wp-json\/wp\/v2\/pages\/551"}],"collection":[{"href":"https:\/\/adole-sendo.info\/equipe\/wp-json\/wp\/v2\/pages"}],"about":[{"href":"https:\/\/adole-sendo.info\/equipe\/wp-json\/wp\/v2\/types\/page"}],"author":[{"embeddable":true,"href":"https:\/\/adole-sendo.info\/equipe\/wp-json\/wp\/v2\/users\/1"}],"replies":[{"embeddable":true,"href":"https:\/\/adole-sendo.info\/equipe\/wp-json\/wp\/v2\/comments?post=551"}],"version-history":[{"count":4,"href":"https:\/\/adole-sendo.info\/equipe\/wp-json\/wp\/v2\/pages\/551\/revisions"}],"predecessor-version":[{"id":1082,"href":"https:\/\/adole-sendo.info\/equipe\/wp-json\/wp\/v2\/pages\/551\/revisions\/1082"}],"wp:featuredmedia":[{"embeddable":true,"href":"https:\/\/adole-sendo.info\/equipe\/wp-json\/"}],"wp:attachment":[{"href":"https:\/\/adole-sendo.info\/equipe\/wp-json\/wp\/v2\/media?parent=551"}],"curies":[{"name":"wp","href":"https:\/\/api.w.org\/{rel}","templated":true}]}}