{"id":528,"date":"2018-03-26T13:48:39","date_gmt":"2018-03-26T13:48:39","guid":{"rendered":"https:\/\/adole-sendo.info\/?page_id=528"},"modified":"2023-04-20T14:11:13","modified_gmt":"2023-04-20T17:11:13","slug":"hugo-cogo-moreira","status":"publish","type":"page","link":"https:\/\/adole-sendo.info\/equipe\/hugo-cogo-moreira\/","title":{"rendered":"Hugo Cogo Moreira"},"content":{"rendered":"\t\t<div data-elementor-type=\"wp-page\" data-elementor-id=\"528\" class=\"elementor elementor-528\">\n\t\t\t\t\t\t<div class=\"elementor-inner\">\n\t\t\t\t<div class=\"elementor-section-wrap\">\n\t\t\t\t\t\t\t\t\t<section class=\"elementor-section elementor-top-section elementor-element elementor-element-3e460950 elementor-section-boxed elementor-section-height-default elementor-section-height-default\" data-id=\"3e460950\" data-element_type=\"section\">\n\t\t\t\t\t\t<div class=\"elementor-container elementor-column-gap-default\">\n\t\t\t\t\t\t\t<div class=\"elementor-row\">\n\t\t\t\t\t<div class=\"elementor-column elementor-col-100 elementor-top-column elementor-element elementor-element-494ca77\" data-id=\"494ca77\" data-element_type=\"column\">\n\t\t\t<div class=\"elementor-column-wrap elementor-element-populated\">\n\t\t\t\t\t\t\t<div class=\"elementor-widget-wrap\">\n\t\t\t\t\t\t<div class=\"elementor-element elementor-element-19c3e29 elementor-widget elementor-widget-spacer\" data-id=\"19c3e29\" data-element_type=\"widget\" data-widget_type=\"spacer.default\">\n\t\t\t\t<div class=\"elementor-widget-container\">\n\t\t\t\t\t<div class=\"elementor-spacer\">\n\t\t\t<div class=\"elementor-spacer-inner\"><\/div>\n\t\t<\/div>\n\t\t\t\t<\/div>\n\t\t\t\t<\/div>\n\t\t\t\t<div class=\"elementor-element elementor-element-42ead806 elementor-widget elementor-widget-text-editor\" data-id=\"42ead806\" data-element_type=\"widget\" data-widget_type=\"text-editor.default\">\n\t\t\t\t<div class=\"elementor-widget-container\">\n\t\t\t\t\t\t\t\t<div class=\"elementor-text-editor elementor-clearfix\">\n\t\t\t\t<p><img loading=\"lazy\" decoding=\"async\" src=\"https:\/\/adole-sendo.info\/wp-content\/uploads\/2018\/01\/hugo-e1522787319107-258x300.png\" alt=\"\" width=\"258\" height=\"300\"><\/p>\n<p>CV abreviado:&nbsp;<\/p>\n<p>Hugo \u00e9 Bacharel em M\u00fasica pela UNESP e doutor em ci\u00eancias pela Escola Paulista de Medicina (Departamento de Psiquiatria e Psicologia M\u00e9dica), pelo qual obteve o pr\u00eamio CAPES de Tese na Medicina II em 2013. Tem como interesse a aplica\u00e7\u00e3o da modelagem de equa\u00e7\u00f5es estruturais em diferentes contextos e desenhos epidemiol\u00f3gicos, em particular em dados envolvendo o desenvolvimento infantil seja para a an\u00e1lise da efetividade de interven\u00e7\u00f5es precoces, seja na cria\u00e7\u00e3o e valida\u00e7\u00e3o de instrumentos, baterias e escalas. Desde 2014 atua como orientador do corpo permanente da P\u00f3s-gradua\u00e7\u00e3o da UNIFESP (Departamento de Psiquiatria) e&nbsp; \u00e9 coordenador do LIP (Laborat\u00f3rio de Inova\u00e7\u00f5es em Psicometria). Na \u00e1rea de psicometria, atua diretamente e tem parceria com o Centre for Longitudinal Studies criando indicadores de trajet\u00f3ria de desenvolvimento da inf\u00e2ncia at\u00e9 a adolesc\u00eancia em duas das principais coortes inglesas (1970 British Cohort Study e a 1958 National Child Development Study). Ainda, conduz e tem experi\u00eancia em delineamento e an\u00e1lise de diferentes estudos epidemiol\u00f3gicos na \u00e1rea da sa\u00fade mental, com enfoque principal em ensaios randomizados com amostragem complexa (mult\u00edniveis) t\u00edpicos da \u00e1rea da educa\u00e7\u00e3o.&nbsp;Ap\u00f3s uma estadia em Berlim (com financiamento da CAPES e da Funda\u00e7\u00e3o Humboldt) trabalhou na universidade em Hong Kong e hoje est\u00e1 sediado na&nbsp;<i style=\"font-size: 18px; color: var( --e-global-color-text ); font-family: var( --e-global-typography-text-font-family ), Sans-serif; font-weight: var( --e-global-typography-text-font-weight );\"><span lang=\"EN-US\" style=\"font-size:11.0pt;line-height:107%;font-family:&quot;Times New Roman&quot;,serif; mso-fareast-font-family:Calibri;mso-fareast-theme-font:minor-latin;color:black; mso-ansi-language:EN-US;mso-fareast-language:EN-US;mso-bidi-language:AR-SA\">\u00d8<\/span><\/i><span style=\"font-size: 18px; color: var( --e-global-color-text ); font-family: var( --e-global-typography-text-font-family ), Sans-serif; font-weight: var( --e-global-typography-text-font-weight );\">stford University College&nbsp; na Noruega.<\/span><\/p>\n<p><a href=\"https:\/\/scholar.google.com\/citations?user=TapFcUkAAAAJ&amp;hl=pt-BR\">https:\/\/scholar.google.com\/citations?user=TapFcUkAAAAJ&amp;hl=pt-BR<\/a><\/p>\n<p><a href=\"http:\/\/lattes.cnpq.br\/3049836001727444\">http:\/\/lattes.cnpq.br\/3049836001727444<\/a><\/p>\n<p>&nbsp;<\/p>\t\t\t\t\t<\/div>\n\t\t\t\t\t\t<\/div>\n\t\t\t\t<\/div>\n\t\t\t\t\t\t<\/div>\n\t\t\t\t\t<\/div>\n\t\t<\/div>\n\t\t\t\t\t\t\t\t<\/div>\n\t\t\t\t\t<\/div>\n\t\t<\/section>\n\t\t\t\t\t\t\t\t\t<\/div>\n\t\t\t<\/div>\n\t\t\t\t\t<\/div>\n\t\t","protected":false},"excerpt":{"rendered":"<p>CV abreviado:&nbsp; Hugo \u00e9 Bacharel em M\u00fasica pela UNESP e doutor em ci\u00eancias pela Escola Paulista de Medicina (Departamento de Psiquiatria e Psicologia M\u00e9dica), pelo qual obteve o pr\u00eamio CAPES de Tese na Medicina II em 2013. Tem como interesse a aplica\u00e7\u00e3o da modelagem de equa\u00e7\u00f5es estruturais em diferentes contextos e desenhos epidemiol\u00f3gicos, em particular&hellip; <br \/> <a class=\"button small blue\" href=\"https:\/\/adole-sendo.info\/equipe\/hugo-cogo-moreira\/\">Leia mais<\/a><\/p>\n","protected":false},"author":1,"featured_media":177,"parent":0,"menu_order":0,"comment_status":"closed","ping_status":"closed","template":"","meta":{"footnotes":""},"class_list":["post-528","page","type-page","status-publish","has-post-thumbnail","hentry"],"yoast_head":"<!-- This site is optimized with the Yoast SEO plugin v23.7 - https:\/\/yoast.com\/wordpress\/plugins\/seo\/ -->\n<title>Hugo Cogo Moreira - Equipe<\/title>\n<meta name=\"description\" content=\"CV abreviado:&nbsp; Hugo \u00e9 Ba\" \/>\n<meta name=\"robots\" content=\"index, follow, max-snippet:-1, max-image-preview:large, max-video-preview:-1\" \/>\n<link rel=\"canonical\" href=\"https:\/\/adole-sendo.info\/equipe\/hugo-cogo-moreira\/\" \/>\n<meta property=\"og:locale\" content=\"pt_BR\" \/>\n<meta property=\"og:type\" content=\"article\" \/>\n<meta property=\"og:title\" content=\"Hugo Cogo Moreira - Equipe\" \/>\n<meta property=\"og:description\" content=\"CV abreviado:&nbsp; Hugo \u00e9 Ba\" \/>\n<meta property=\"og:url\" content=\"https:\/\/adole-sendo.info\/equipe\/hugo-cogo-moreira\/\" \/>\n<meta property=\"og:site_name\" content=\"Equipe\" \/>\n<meta property=\"article:modified_time\" content=\"2023-04-20T17:11:13+00:00\" \/>\n<meta name=\"twitter:card\" content=\"summary_large_image\" \/>\n<meta name=\"twitter:label1\" content=\"Est. tempo de leitura\" \/>\n\t<meta name=\"twitter:data1\" content=\"1 minuto\" \/>\n<script type=\"application\/ld+json\" class=\"yoast-schema-graph\">{\"@context\":\"https:\/\/schema.org\",\"@graph\":[{\"@type\":\"WebPage\",\"@id\":\"https:\/\/adole-sendo.info\/equipe\/hugo-cogo-moreira\/\",\"url\":\"https:\/\/adole-sendo.info\/equipe\/hugo-cogo-moreira\/\",\"name\":\"Hugo Cogo Moreira - Equipe\",\"isPartOf\":{\"@id\":\"https:\/\/adole-sendo.info\/equipe\/#website\"},\"primaryImageOfPage\":{\"@id\":\"https:\/\/adole-sendo.info\/equipe\/hugo-cogo-moreira\/#primaryimage\"},\"image\":{\"@id\":\"https:\/\/adole-sendo.info\/equipe\/hugo-cogo-moreira\/#primaryimage\"},\"thumbnailUrl\":\"\",\"datePublished\":\"2018-03-26T13:48:39+00:00\",\"dateModified\":\"2023-04-20T17:11:13+00:00\",\"description\":\"CV abreviado:&nbsp; Hugo \u00e9 Ba\",\"breadcrumb\":{\"@id\":\"https:\/\/adole-sendo.info\/equipe\/hugo-cogo-moreira\/#breadcrumb\"},\"inLanguage\":\"pt-BR\",\"potentialAction\":[{\"@type\":\"ReadAction\",\"target\":[\"https:\/\/adole-sendo.info\/equipe\/hugo-cogo-moreira\/\"]}]},{\"@type\":\"ImageObject\",\"inLanguage\":\"pt-BR\",\"@id\":\"https:\/\/adole-sendo.info\/equipe\/hugo-cogo-moreira\/#primaryimage\",\"url\":\"\",\"contentUrl\":\"\"},{\"@type\":\"BreadcrumbList\",\"@id\":\"https:\/\/adole-sendo.info\/equipe\/hugo-cogo-moreira\/#breadcrumb\",\"itemListElement\":[{\"@type\":\"ListItem\",\"position\":1,\"name\":\"In\u00edcio\",\"item\":\"https:\/\/adole-sendo.info\/equipe\/\"},{\"@type\":\"ListItem\",\"position\":2,\"name\":\"Hugo Cogo Moreira\"}]},{\"@type\":\"WebSite\",\"@id\":\"https:\/\/adole-sendo.info\/equipe\/#website\",\"url\":\"https:\/\/adole-sendo.info\/equipe\/\",\"name\":\"Equipe\",\"description\":\"\",\"publisher\":{\"@id\":\"https:\/\/adole-sendo.info\/equipe\/#organization\"},\"potentialAction\":[{\"@type\":\"SearchAction\",\"target\":{\"@type\":\"EntryPoint\",\"urlTemplate\":\"https:\/\/adole-sendo.info\/equipe\/?s={search_term_string}\"},\"query-input\":{\"@type\":\"PropertyValueSpecification\",\"valueRequired\":true,\"valueName\":\"search_term_string\"}}],\"inLanguage\":\"pt-BR\"},{\"@type\":\"Organization\",\"@id\":\"https:\/\/adole-sendo.info\/equipe\/#organization\",\"name\":\"Equipe\",\"url\":\"https:\/\/adole-sendo.info\/equipe\/\",\"logo\":{\"@type\":\"ImageObject\",\"inLanguage\":\"pt-BR\",\"@id\":\"https:\/\/adole-sendo.info\/equipe\/#\/schema\/logo\/image\/\",\"url\":\"https:\/\/adole-sendo.info\/equipe\/wp-content\/uploads\/sites\/9\/2022\/05\/logopretopequeno.fw_-270x300.png\",\"contentUrl\":\"https:\/\/adole-sendo.info\/equipe\/wp-content\/uploads\/sites\/9\/2022\/05\/logopretopequeno.fw_-270x300.png\",\"width\":270,\"height\":300,\"caption\":\"Equipe\"},\"image\":{\"@id\":\"https:\/\/adole-sendo.info\/equipe\/#\/schema\/logo\/image\/\"}}]}<\/script>\n<!-- \/ Yoast SEO plugin. -->","yoast_head_json":{"title":"Hugo Cogo Moreira - Equipe","description":"CV abreviado:&nbsp; Hugo \u00e9 Ba","robots":{"index":"index","follow":"follow","max-snippet":"max-snippet:-1","max-image-preview":"max-image-preview:large","max-video-preview":"max-video-preview:-1"},"canonical":"https:\/\/adole-sendo.info\/equipe\/hugo-cogo-moreira\/","og_locale":"pt_BR","og_type":"article","og_title":"Hugo Cogo Moreira - Equipe","og_description":"CV abreviado:&nbsp; Hugo \u00e9 Ba","og_url":"https:\/\/adole-sendo.info\/equipe\/hugo-cogo-moreira\/","og_site_name":"Equipe","article_modified_time":"2023-04-20T17:11:13+00:00","twitter_card":"summary_large_image","twitter_misc":{"Est. tempo de leitura":"1 minuto"},"schema":{"@context":"https:\/\/schema.org","@graph":[{"@type":"WebPage","@id":"https:\/\/adole-sendo.info\/equipe\/hugo-cogo-moreira\/","url":"https:\/\/adole-sendo.info\/equipe\/hugo-cogo-moreira\/","name":"Hugo Cogo Moreira - Equipe","isPartOf":{"@id":"https:\/\/adole-sendo.info\/equipe\/#website"},"primaryImageOfPage":{"@id":"https:\/\/adole-sendo.info\/equipe\/hugo-cogo-moreira\/#primaryimage"},"image":{"@id":"https:\/\/adole-sendo.info\/equipe\/hugo-cogo-moreira\/#primaryimage"},"thumbnailUrl":"","datePublished":"2018-03-26T13:48:39+00:00","dateModified":"2023-04-20T17:11:13+00:00","description":"CV abreviado:&nbsp; Hugo \u00e9 Ba","breadcrumb":{"@id":"https:\/\/adole-sendo.info\/equipe\/hugo-cogo-moreira\/#breadcrumb"},"inLanguage":"pt-BR","potentialAction":[{"@type":"ReadAction","target":["https:\/\/adole-sendo.info\/equipe\/hugo-cogo-moreira\/"]}]},{"@type":"ImageObject","inLanguage":"pt-BR","@id":"https:\/\/adole-sendo.info\/equipe\/hugo-cogo-moreira\/#primaryimage","url":"","contentUrl":""},{"@type":"BreadcrumbList","@id":"https:\/\/adole-sendo.info\/equipe\/hugo-cogo-moreira\/#breadcrumb","itemListElement":[{"@type":"ListItem","position":1,"name":"In\u00edcio","item":"https:\/\/adole-sendo.info\/equipe\/"},{"@type":"ListItem","position":2,"name":"Hugo Cogo Moreira"}]},{"@type":"WebSite","@id":"https:\/\/adole-sendo.info\/equipe\/#website","url":"https:\/\/adole-sendo.info\/equipe\/","name":"Equipe","description":"","publisher":{"@id":"https:\/\/adole-sendo.info\/equipe\/#organization"},"potentialAction":[{"@type":"SearchAction","target":{"@type":"EntryPoint","urlTemplate":"https:\/\/adole-sendo.info\/equipe\/?s={search_term_string}"},"query-input":{"@type":"PropertyValueSpecification","valueRequired":true,"valueName":"search_term_string"}}],"inLanguage":"pt-BR"},{"@type":"Organization","@id":"https:\/\/adole-sendo.info\/equipe\/#organization","name":"Equipe","url":"https:\/\/adole-sendo.info\/equipe\/","logo":{"@type":"ImageObject","inLanguage":"pt-BR","@id":"https:\/\/adole-sendo.info\/equipe\/#\/schema\/logo\/image\/","url":"https:\/\/adole-sendo.info\/equipe\/wp-content\/uploads\/sites\/9\/2022\/05\/logopretopequeno.fw_-270x300.png","contentUrl":"https:\/\/adole-sendo.info\/equipe\/wp-content\/uploads\/sites\/9\/2022\/05\/logopretopequeno.fw_-270x300.png","width":270,"height":300,"caption":"Equipe"},"image":{"@id":"https:\/\/adole-sendo.info\/equipe\/#\/schema\/logo\/image\/"}}]}},"_links":{"self":[{"href":"https:\/\/adole-sendo.info\/equipe\/wp-json\/wp\/v2\/pages\/528"}],"collection":[{"href":"https:\/\/adole-sendo.info\/equipe\/wp-json\/wp\/v2\/pages"}],"about":[{"href":"https:\/\/adole-sendo.info\/equipe\/wp-json\/wp\/v2\/types\/page"}],"author":[{"embeddable":true,"href":"https:\/\/adole-sendo.info\/equipe\/wp-json\/wp\/v2\/users\/1"}],"replies":[{"embeddable":true,"href":"https:\/\/adole-sendo.info\/equipe\/wp-json\/wp\/v2\/comments?post=528"}],"version-history":[{"count":18,"href":"https:\/\/adole-sendo.info\/equipe\/wp-json\/wp\/v2\/pages\/528\/revisions"}],"predecessor-version":[{"id":1152,"href":"https:\/\/adole-sendo.info\/equipe\/wp-json\/wp\/v2\/pages\/528\/revisions\/1152"}],"wp:featuredmedia":[{"embeddable":true,"href":"https:\/\/adole-sendo.info\/equipe\/wp-json\/"}],"wp:attachment":[{"href":"https:\/\/adole-sendo.info\/equipe\/wp-json\/wp\/v2\/media?parent=528"}],"curies":[{"name":"wp","href":"https:\/\/api.w.org\/{rel}","templated":true}]}}