{"id":526,"date":"2018-03-26T13:37:46","date_gmt":"2018-03-26T13:37:46","guid":{"rendered":"https:\/\/adole-sendo.info\/?page_id=526"},"modified":"2023-01-24T16:12:43","modified_gmt":"2023-01-24T19:12:43","slug":"ana-regina-noto","status":"publish","type":"page","link":"https:\/\/adole-sendo.info\/equipe\/ana-regina-noto\/","title":{"rendered":"Ana Regina Noto"},"content":{"rendered":"\t\t<div data-elementor-type=\"wp-page\" data-elementor-id=\"526\" class=\"elementor elementor-526\">\n\t\t\t\t\t\t<div class=\"elementor-inner\">\n\t\t\t\t<div class=\"elementor-section-wrap\">\n\t\t\t\t\t\t\t\t\t<section class=\"elementor-section elementor-top-section elementor-element elementor-element-2a845523 elementor-section-boxed elementor-section-height-default elementor-section-height-default\" data-id=\"2a845523\" data-element_type=\"section\">\n\t\t\t\t\t\t<div class=\"elementor-container elementor-column-gap-default\">\n\t\t\t\t\t\t\t<div class=\"elementor-row\">\n\t\t\t\t\t<div class=\"elementor-column elementor-col-100 elementor-top-column elementor-element elementor-element-2b3390df\" data-id=\"2b3390df\" data-element_type=\"column\">\n\t\t\t<div class=\"elementor-column-wrap elementor-element-populated\">\n\t\t\t\t\t\t\t<div class=\"elementor-widget-wrap\">\n\t\t\t\t\t\t<div class=\"elementor-element elementor-element-bfd21ab elementor-widget elementor-widget-spacer\" data-id=\"bfd21ab\" data-element_type=\"widget\" data-widget_type=\"spacer.default\">\n\t\t\t\t<div class=\"elementor-widget-container\">\n\t\t\t\t\t<div class=\"elementor-spacer\">\n\t\t\t<div class=\"elementor-spacer-inner\"><\/div>\n\t\t<\/div>\n\t\t\t\t<\/div>\n\t\t\t\t<\/div>\n\t\t\t\t<div class=\"elementor-element elementor-element-5eccf7f8 elementor-widget elementor-widget-text-editor\" data-id=\"5eccf7f8\" data-element_type=\"widget\" data-widget_type=\"text-editor.default\">\n\t\t\t\t<div class=\"elementor-widget-container\">\n\t\t\t\t\t\t\t\t<div class=\"elementor-text-editor elementor-clearfix\">\n\t\t\t\t<p style=\"text-align: left;\"><img loading=\"lazy\" decoding=\"async\" class=\"alignnone size-full wp-image-173 alignleft\" src=\"https:\/\/adole-sendo.info\/wp-content\/uploads\/2018\/01\/anaregina.png\" alt=\"\" width=\"188\" height=\"251\" \/>CV abreviado: Graduada em Psicologia pela Faculdade Paulistana de Ci\u00eancias e Letras e em Farm\u00e1cia Bioqu\u00edmica pela Pontificia Universidade Cat\u00f3lica de Campinas. Obteve seu mestrado e doutorado em psicobiologia pela Universidade Federal de S\u00e3o Paulo (UNIFESP), onde \u00e9 Professora. \u00c9 coordenadora do Centro de Pesquisa em Sa\u00fade e uso de Subst\u00e2ncias (NEPSIS) and do Centro de Refer\u00eancia de Crack e outras subst\u00e2ncias ( RRC-DIMESAD-UNIFESP).Sua pesquisa foca em aspectos psicossociais relacionados ao uso de psicotr\u00f3picos e suas implica\u00e7\u00f5es, com enfoque epidemiol\u00f3gico, qualitativo, em ensaios cl\u00ednicos e avalia\u00e7\u00e3o comunit\u00e1ria\u00a0 de interven\u00e7\u00f5es terap\u00eauticas. Seus principais temas de atua\u00e7\u00e3o s\u00e3o: \u00e1lcool\/drogas e vulnerabilidade, preven\u00e7\u00e3o de reca\u00edda baseada em mindfulness, uso de drogas, viol\u00eancia e fam\u00edlia.<\/p>\r\n&nbsp;\r\n<p style=\"text-align: left;\"><a href=\"http:\/\/lattes.cnpq.br\/1146514655934224\">http:\/\/lattes.cnpq.br\/1146514655934224<\/a><\/p>\r\n&nbsp;\t\t\t\t\t<\/div>\n\t\t\t\t\t\t<\/div>\n\t\t\t\t<\/div>\n\t\t\t\t\t\t<\/div>\n\t\t\t\t\t<\/div>\n\t\t<\/div>\n\t\t\t\t\t\t\t\t<\/div>\n\t\t\t\t\t<\/div>\n\t\t<\/section>\n\t\t\t\t\t\t\t\t\t<\/div>\n\t\t\t<\/div>\n\t\t\t\t\t<\/div>\n\t\t","protected":false},"excerpt":{"rendered":"<p>CV abreviado: Graduada em Psicologia pela Faculdade Paulistana de Ci\u00eancias e Letras e em Farm\u00e1cia Bioqu\u00edmica pela Pontificia Universidade Cat\u00f3lica de Campinas. Obteve seu mestrado e doutorado em psicobiologia pela Universidade Federal de S\u00e3o Paulo (UNIFESP), onde \u00e9 Professora. \u00c9 coordenadora do Centro de Pesquisa em Sa\u00fade e uso de Subst\u00e2ncias (NEPSIS) and do Centro&hellip; <br \/> <a class=\"button small blue\" href=\"https:\/\/adole-sendo.info\/equipe\/ana-regina-noto\/\">Leia mais<\/a><\/p>\n","protected":false},"author":1,"featured_media":173,"parent":0,"menu_order":0,"comment_status":"closed","ping_status":"closed","template":"","meta":{"footnotes":""},"class_list":["post-526","page","type-page","status-publish","has-post-thumbnail","hentry"],"yoast_head":"<!-- This site is optimized with the Yoast SEO plugin v23.7 - https:\/\/yoast.com\/wordpress\/plugins\/seo\/ -->\n<title>Ana Regina Noto - Equipe<\/title>\n<meta name=\"description\" content=\"CV abreviado: Gradua\" \/>\n<meta name=\"robots\" content=\"index, follow, max-snippet:-1, max-image-preview:large, max-video-preview:-1\" \/>\n<link rel=\"canonical\" href=\"https:\/\/adole-sendo.info\/equipe\/ana-regina-noto\/\" \/>\n<meta property=\"og:locale\" content=\"pt_BR\" \/>\n<meta property=\"og:type\" content=\"article\" \/>\n<meta property=\"og:title\" content=\"Ana Regina Noto - Equipe\" \/>\n<meta property=\"og:description\" content=\"CV abreviado: Gradua\" \/>\n<meta property=\"og:url\" content=\"https:\/\/adole-sendo.info\/equipe\/ana-regina-noto\/\" \/>\n<meta property=\"og:site_name\" content=\"Equipe\" \/>\n<meta property=\"article:modified_time\" content=\"2023-01-24T19:12:43+00:00\" \/>\n<meta name=\"twitter:card\" content=\"summary_large_image\" \/>\n<meta name=\"twitter:label1\" content=\"Est. tempo de leitura\" \/>\n\t<meta name=\"twitter:data1\" content=\"1 minuto\" \/>\n<script type=\"application\/ld+json\" class=\"yoast-schema-graph\">{\"@context\":\"https:\/\/schema.org\",\"@graph\":[{\"@type\":\"WebPage\",\"@id\":\"https:\/\/adole-sendo.info\/equipe\/ana-regina-noto\/\",\"url\":\"https:\/\/adole-sendo.info\/equipe\/ana-regina-noto\/\",\"name\":\"Ana Regina Noto - Equipe\",\"isPartOf\":{\"@id\":\"https:\/\/adole-sendo.info\/equipe\/#website\"},\"primaryImageOfPage\":{\"@id\":\"https:\/\/adole-sendo.info\/equipe\/ana-regina-noto\/#primaryimage\"},\"image\":{\"@id\":\"https:\/\/adole-sendo.info\/equipe\/ana-regina-noto\/#primaryimage\"},\"thumbnailUrl\":\"\",\"datePublished\":\"2018-03-26T13:37:46+00:00\",\"dateModified\":\"2023-01-24T19:12:43+00:00\",\"description\":\"CV abreviado: Gradua\",\"breadcrumb\":{\"@id\":\"https:\/\/adole-sendo.info\/equipe\/ana-regina-noto\/#breadcrumb\"},\"inLanguage\":\"pt-BR\",\"potentialAction\":[{\"@type\":\"ReadAction\",\"target\":[\"https:\/\/adole-sendo.info\/equipe\/ana-regina-noto\/\"]}]},{\"@type\":\"ImageObject\",\"inLanguage\":\"pt-BR\",\"@id\":\"https:\/\/adole-sendo.info\/equipe\/ana-regina-noto\/#primaryimage\",\"url\":\"\",\"contentUrl\":\"\"},{\"@type\":\"BreadcrumbList\",\"@id\":\"https:\/\/adole-sendo.info\/equipe\/ana-regina-noto\/#breadcrumb\",\"itemListElement\":[{\"@type\":\"ListItem\",\"position\":1,\"name\":\"In\u00edcio\",\"item\":\"https:\/\/adole-sendo.info\/equipe\/\"},{\"@type\":\"ListItem\",\"position\":2,\"name\":\"Ana Regina Noto\"}]},{\"@type\":\"WebSite\",\"@id\":\"https:\/\/adole-sendo.info\/equipe\/#website\",\"url\":\"https:\/\/adole-sendo.info\/equipe\/\",\"name\":\"Equipe\",\"description\":\"\",\"publisher\":{\"@id\":\"https:\/\/adole-sendo.info\/equipe\/#organization\"},\"potentialAction\":[{\"@type\":\"SearchAction\",\"target\":{\"@type\":\"EntryPoint\",\"urlTemplate\":\"https:\/\/adole-sendo.info\/equipe\/?s={search_term_string}\"},\"query-input\":{\"@type\":\"PropertyValueSpecification\",\"valueRequired\":true,\"valueName\":\"search_term_string\"}}],\"inLanguage\":\"pt-BR\"},{\"@type\":\"Organization\",\"@id\":\"https:\/\/adole-sendo.info\/equipe\/#organization\",\"name\":\"Equipe\",\"url\":\"https:\/\/adole-sendo.info\/equipe\/\",\"logo\":{\"@type\":\"ImageObject\",\"inLanguage\":\"pt-BR\",\"@id\":\"https:\/\/adole-sendo.info\/equipe\/#\/schema\/logo\/image\/\",\"url\":\"https:\/\/adole-sendo.info\/equipe\/wp-content\/uploads\/sites\/9\/2022\/05\/logopretopequeno.fw_-270x300.png\",\"contentUrl\":\"https:\/\/adole-sendo.info\/equipe\/wp-content\/uploads\/sites\/9\/2022\/05\/logopretopequeno.fw_-270x300.png\",\"width\":270,\"height\":300,\"caption\":\"Equipe\"},\"image\":{\"@id\":\"https:\/\/adole-sendo.info\/equipe\/#\/schema\/logo\/image\/\"}}]}<\/script>\n<!-- \/ Yoast SEO plugin. -->","yoast_head_json":{"title":"Ana Regina Noto - Equipe","description":"CV abreviado: Gradua","robots":{"index":"index","follow":"follow","max-snippet":"max-snippet:-1","max-image-preview":"max-image-preview:large","max-video-preview":"max-video-preview:-1"},"canonical":"https:\/\/adole-sendo.info\/equipe\/ana-regina-noto\/","og_locale":"pt_BR","og_type":"article","og_title":"Ana Regina Noto - Equipe","og_description":"CV abreviado: Gradua","og_url":"https:\/\/adole-sendo.info\/equipe\/ana-regina-noto\/","og_site_name":"Equipe","article_modified_time":"2023-01-24T19:12:43+00:00","twitter_card":"summary_large_image","twitter_misc":{"Est. tempo de leitura":"1 minuto"},"schema":{"@context":"https:\/\/schema.org","@graph":[{"@type":"WebPage","@id":"https:\/\/adole-sendo.info\/equipe\/ana-regina-noto\/","url":"https:\/\/adole-sendo.info\/equipe\/ana-regina-noto\/","name":"Ana Regina Noto - Equipe","isPartOf":{"@id":"https:\/\/adole-sendo.info\/equipe\/#website"},"primaryImageOfPage":{"@id":"https:\/\/adole-sendo.info\/equipe\/ana-regina-noto\/#primaryimage"},"image":{"@id":"https:\/\/adole-sendo.info\/equipe\/ana-regina-noto\/#primaryimage"},"thumbnailUrl":"","datePublished":"2018-03-26T13:37:46+00:00","dateModified":"2023-01-24T19:12:43+00:00","description":"CV abreviado: Gradua","breadcrumb":{"@id":"https:\/\/adole-sendo.info\/equipe\/ana-regina-noto\/#breadcrumb"},"inLanguage":"pt-BR","potentialAction":[{"@type":"ReadAction","target":["https:\/\/adole-sendo.info\/equipe\/ana-regina-noto\/"]}]},{"@type":"ImageObject","inLanguage":"pt-BR","@id":"https:\/\/adole-sendo.info\/equipe\/ana-regina-noto\/#primaryimage","url":"","contentUrl":""},{"@type":"BreadcrumbList","@id":"https:\/\/adole-sendo.info\/equipe\/ana-regina-noto\/#breadcrumb","itemListElement":[{"@type":"ListItem","position":1,"name":"In\u00edcio","item":"https:\/\/adole-sendo.info\/equipe\/"},{"@type":"ListItem","position":2,"name":"Ana Regina Noto"}]},{"@type":"WebSite","@id":"https:\/\/adole-sendo.info\/equipe\/#website","url":"https:\/\/adole-sendo.info\/equipe\/","name":"Equipe","description":"","publisher":{"@id":"https:\/\/adole-sendo.info\/equipe\/#organization"},"potentialAction":[{"@type":"SearchAction","target":{"@type":"EntryPoint","urlTemplate":"https:\/\/adole-sendo.info\/equipe\/?s={search_term_string}"},"query-input":{"@type":"PropertyValueSpecification","valueRequired":true,"valueName":"search_term_string"}}],"inLanguage":"pt-BR"},{"@type":"Organization","@id":"https:\/\/adole-sendo.info\/equipe\/#organization","name":"Equipe","url":"https:\/\/adole-sendo.info\/equipe\/","logo":{"@type":"ImageObject","inLanguage":"pt-BR","@id":"https:\/\/adole-sendo.info\/equipe\/#\/schema\/logo\/image\/","url":"https:\/\/adole-sendo.info\/equipe\/wp-content\/uploads\/sites\/9\/2022\/05\/logopretopequeno.fw_-270x300.png","contentUrl":"https:\/\/adole-sendo.info\/equipe\/wp-content\/uploads\/sites\/9\/2022\/05\/logopretopequeno.fw_-270x300.png","width":270,"height":300,"caption":"Equipe"},"image":{"@id":"https:\/\/adole-sendo.info\/equipe\/#\/schema\/logo\/image\/"}}]}},"_links":{"self":[{"href":"https:\/\/adole-sendo.info\/equipe\/wp-json\/wp\/v2\/pages\/526"}],"collection":[{"href":"https:\/\/adole-sendo.info\/equipe\/wp-json\/wp\/v2\/pages"}],"about":[{"href":"https:\/\/adole-sendo.info\/equipe\/wp-json\/wp\/v2\/types\/page"}],"author":[{"embeddable":true,"href":"https:\/\/adole-sendo.info\/equipe\/wp-json\/wp\/v2\/users\/1"}],"replies":[{"embeddable":true,"href":"https:\/\/adole-sendo.info\/equipe\/wp-json\/wp\/v2\/comments?post=526"}],"version-history":[{"count":5,"href":"https:\/\/adole-sendo.info\/equipe\/wp-json\/wp\/v2\/pages\/526\/revisions"}],"predecessor-version":[{"id":1070,"href":"https:\/\/adole-sendo.info\/equipe\/wp-json\/wp\/v2\/pages\/526\/revisions\/1070"}],"wp:featuredmedia":[{"embeddable":true,"href":"https:\/\/adole-sendo.info\/equipe\/wp-json\/"}],"wp:attachment":[{"href":"https:\/\/adole-sendo.info\/equipe\/wp-json\/wp\/v2\/media?parent=526"}],"curies":[{"name":"wp","href":"https:\/\/api.w.org\/{rel}","templated":true}]}}