{"id":513,"date":"2018-03-26T13:19:31","date_gmt":"2018-03-26T13:19:31","guid":{"rendered":"https:\/\/adole-sendo.info\/?page_id=513"},"modified":"2023-01-24T16:28:59","modified_gmt":"2023-01-24T19:28:59","slug":"hanna-karen-moreira-antunes","status":"publish","type":"page","link":"https:\/\/adole-sendo.info\/equipe\/hanna-karen-moreira-antunes\/","title":{"rendered":"Hanna Karen Moreira Antunes"},"content":{"rendered":"\t\t<div data-elementor-type=\"wp-page\" data-elementor-id=\"513\" class=\"elementor elementor-513\">\n\t\t\t\t\t\t<div class=\"elementor-inner\">\n\t\t\t\t<div class=\"elementor-section-wrap\">\n\t\t\t\t\t\t\t\t\t<section class=\"elementor-section elementor-top-section elementor-element elementor-element-ce19d96 elementor-section-boxed elementor-section-height-default elementor-section-height-default\" data-id=\"ce19d96\" data-element_type=\"section\">\n\t\t\t\t\t\t<div class=\"elementor-container elementor-column-gap-default\">\n\t\t\t\t\t\t\t<div class=\"elementor-row\">\n\t\t\t\t\t<div class=\"elementor-column elementor-col-50 elementor-top-column elementor-element elementor-element-ca0899b\" data-id=\"ca0899b\" data-element_type=\"column\">\n\t\t\t<div class=\"elementor-column-wrap elementor-element-populated\">\n\t\t\t\t\t\t\t<div class=\"elementor-widget-wrap\">\n\t\t\t\t\t\t<div class=\"elementor-element elementor-element-4ffd2ef elementor-widget elementor-widget-spacer\" data-id=\"4ffd2ef\" data-element_type=\"widget\" data-widget_type=\"spacer.default\">\n\t\t\t\t<div class=\"elementor-widget-container\">\n\t\t\t\t\t<div class=\"elementor-spacer\">\n\t\t\t<div class=\"elementor-spacer-inner\"><\/div>\n\t\t<\/div>\n\t\t\t\t<\/div>\n\t\t\t\t<\/div>\n\t\t\t\t<div class=\"elementor-element elementor-element-a9a1dcd elementor-widget elementor-widget-image\" data-id=\"a9a1dcd\" data-element_type=\"widget\" data-widget_type=\"image.default\">\n\t\t\t\t<div class=\"elementor-widget-container\">\n\t\t\t\t\t\t\t\t<div class=\"elementor-image\">\n\t\t\t\t\t\t\t\t\t\t\t\t<img loading=\"lazy\" decoding=\"async\" width=\"500\" height=\"500\" src=\"https:\/\/adole-sendo.info\/equipe\/wp-content\/uploads\/sites\/9\/2018\/04\/cropped-Hanna-1.png\" class=\"attachment-large size-large\" alt=\"\" srcset=\"https:\/\/adole-sendo.info\/equipe\/wp-content\/uploads\/sites\/9\/2018\/04\/cropped-Hanna-1.png 500w, https:\/\/adole-sendo.info\/equipe\/wp-content\/uploads\/sites\/9\/2018\/04\/cropped-Hanna-1-150x150.png 150w, https:\/\/adole-sendo.info\/equipe\/wp-content\/uploads\/sites\/9\/2018\/04\/cropped-Hanna-1-300x300.png 300w\" sizes=\"(max-width: 500px) 100vw, 500px\" \/>\t\t\t\t\t\t\t\t\t\t\t\t\t\t<\/div>\n\t\t\t\t\t\t<\/div>\n\t\t\t\t<\/div>\n\t\t\t\t\t\t<\/div>\n\t\t\t\t\t<\/div>\n\t\t<\/div>\n\t\t\t\t<div class=\"elementor-column elementor-col-50 elementor-top-column elementor-element elementor-element-d7f057c\" data-id=\"d7f057c\" data-element_type=\"column\">\n\t\t\t<div class=\"elementor-column-wrap elementor-element-populated\">\n\t\t\t\t\t\t\t<div class=\"elementor-widget-wrap\">\n\t\t\t\t\t\t<div class=\"elementor-element elementor-element-912c588 elementor-widget elementor-widget-spacer\" data-id=\"912c588\" data-element_type=\"widget\" data-widget_type=\"spacer.default\">\n\t\t\t\t<div class=\"elementor-widget-container\">\n\t\t\t\t\t<div class=\"elementor-spacer\">\n\t\t\t<div class=\"elementor-spacer-inner\"><\/div>\n\t\t<\/div>\n\t\t\t\t<\/div>\n\t\t\t\t<\/div>\n\t\t\t\t<div class=\"elementor-element elementor-element-1b630d1 elementor-widget elementor-widget-text-editor\" data-id=\"1b630d1\" data-element_type=\"widget\" data-widget_type=\"text-editor.default\">\n\t\t\t\t<div class=\"elementor-widget-container\">\n\t\t\t\t\t\t\t\t<div class=\"elementor-text-editor elementor-clearfix\">\n\t\t\t\t<p><span style=\"font-family: Roboto, sans-serif; font-size: 18px;\">CV abreviado: Hanna Karen Moreira Antunes \u00e9 graduada em Educa\u00e7\u00e3o F\u00edsica pela Universidade Federal de Uberl\u00e2ndia e obteve seu mestrado e doutorado em Psicobiologia pela Universidade Universidade Federal de S\u00e3o Paulo (UNIFESP). Atualmente \u00e9 Professora da UNIFESP &#8211; Campus Baixada Santista no Departamento de Bioci\u00eancias. Sua \u00e1rea de pesquisa foca no impacto do exerc\u00edcio no sono e cogni\u00e7\u00e3o e humor, bem como adi\u00e7\u00e3o ao exerc\u00edcio. Suas pesquisas s\u00e3o financiadas pela FAPESP, CNPq, Capes.<\/span><\/p><p><span style=\"font-family: Roboto, sans-serif; font-size: 18px;\">\u00a0<\/span><span style=\"font-size: 18px; color: var( --e-global-color-text ); font-family: Roboto, sans-serif; font-weight: var( --e-global-typography-text-font-weight );\">Endere\u00e7o para acessar este CV:\u00a0<\/span><a style=\"font-size: 18px; font-family: var( --e-global-typography-text-font-family ), Sans-serif; font-weight: var( --e-global-typography-text-font-weight );\" href=\"http:\/\/lattes.cnpq.br\/1146514655934224\">http:\/\/lattes.cnpq.br\/1146514655934224<\/a><\/p><p style=\"font-size: 18px; line-height: 27px;\"><a style=\"font-size: 18px;\" href=\"http:\/\/www.researcherid.com\/rid\/C-8070-2012\">http:\/\/www.researcherid.com\/rid\/C-8070-2012<\/a><\/p><p style=\"font-size: 18px; line-height: 27px;\"><a style=\"font-size: 18px;\" href=\"http:\/\/orcid.org\/0000-0001-6648-0957\">http:\/\/orcid.org\/0000-0001-6648-0957<\/a><\/p><p style=\"font-size: 18px; line-height: 27px;\"><a style=\"font-size: 18px;\" href=\"https:\/\/www.researchgate.net\/profile\/Hanna_Antunes\">https:\/\/www.researchgate.net\/profile\/Hanna_Antunes<\/a><\/p><p style=\"font-size: 18px; line-height: 27px;\"><a style=\"font-size: 18px;\" href=\"https:\/\/www.scopus.com\/authid\/detail.uri?authorId=8700267700\">https:\/\/www.scopus.com\/authid\/detail.uri?authorId=8700267700<\/a><\/p>\t\t\t\t\t<\/div>\n\t\t\t\t\t\t<\/div>\n\t\t\t\t<\/div>\n\t\t\t\t\t\t<\/div>\n\t\t\t\t\t<\/div>\n\t\t<\/div>\n\t\t\t\t\t\t\t\t<\/div>\n\t\t\t\t\t<\/div>\n\t\t<\/section>\n\t\t\t\t\t\t\t\t\t<\/div>\n\t\t\t<\/div>\n\t\t\t\t\t<\/div>\n\t\t","protected":false},"excerpt":{"rendered":"<p>CV abreviado: Hanna Karen Moreira Antunes \u00e9 graduada em Educa\u00e7\u00e3o F\u00edsica pela Universidade Federal de Uberl\u00e2ndia e obteve seu mestrado e doutorado em Psicobiologia pela Universidade Universidade Federal de S\u00e3o Paulo (UNIFESP). Atualmente \u00e9 Professora da UNIFESP &#8211; Campus Baixada Santista no Departamento de Bioci\u00eancias. Sua \u00e1rea de pesquisa foca no impacto do exerc\u00edcio no&hellip; <br \/> <a class=\"button small blue\" href=\"https:\/\/adole-sendo.info\/equipe\/hanna-karen-moreira-antunes\/\">Leia mais<\/a><\/p>\n","protected":false},"author":1,"featured_media":176,"parent":0,"menu_order":0,"comment_status":"closed","ping_status":"closed","template":"","meta":{"footnotes":""},"class_list":["post-513","page","type-page","status-publish","has-post-thumbnail","hentry"],"yoast_head":"<!-- This site is optimized with the Yoast SEO plugin v23.7 - https:\/\/yoast.com\/wordpress\/plugins\/seo\/ -->\n<title>Hanna Karen Moreira Antunes - Equipe<\/title>\n<meta name=\"robots\" content=\"index, follow, max-snippet:-1, max-image-preview:large, max-video-preview:-1\" \/>\n<link rel=\"canonical\" href=\"https:\/\/adole-sendo.info\/equipe\/hanna-karen-moreira-antunes\/\" \/>\n<meta property=\"og:locale\" content=\"pt_BR\" \/>\n<meta property=\"og:type\" content=\"article\" \/>\n<meta property=\"og:title\" content=\"Hanna Karen Moreira Antunes - Equipe\" \/>\n<meta property=\"og:description\" content=\"CV abreviado: Hanna Karen Moreira Antunes \u00e9 graduada em Educa\u00e7\u00e3o F\u00edsica pela Universidade Federal de Uberl\u00e2ndia e obteve seu mestrado e doutorado em Psicobiologia pela Universidade Universidade Federal de S\u00e3o Paulo (UNIFESP). Atualmente \u00e9 Professora da UNIFESP &#8211; Campus Baixada Santista no Departamento de Bioci\u00eancias. Sua \u00e1rea de pesquisa foca no impacto do exerc\u00edcio no&hellip; Leia mais\" \/>\n<meta property=\"og:url\" content=\"https:\/\/adole-sendo.info\/equipe\/hanna-karen-moreira-antunes\/\" \/>\n<meta property=\"og:site_name\" content=\"Equipe\" \/>\n<meta property=\"article:modified_time\" content=\"2023-01-24T19:28:59+00:00\" \/>\n<meta name=\"twitter:card\" content=\"summary_large_image\" \/>\n<meta name=\"twitter:label1\" content=\"Est. tempo de leitura\" \/>\n\t<meta name=\"twitter:data1\" content=\"1 minuto\" \/>\n<script type=\"application\/ld+json\" class=\"yoast-schema-graph\">{\"@context\":\"https:\/\/schema.org\",\"@graph\":[{\"@type\":\"WebPage\",\"@id\":\"https:\/\/adole-sendo.info\/equipe\/hanna-karen-moreira-antunes\/\",\"url\":\"https:\/\/adole-sendo.info\/equipe\/hanna-karen-moreira-antunes\/\",\"name\":\"Hanna Karen Moreira Antunes - Equipe\",\"isPartOf\":{\"@id\":\"https:\/\/adole-sendo.info\/equipe\/#website\"},\"primaryImageOfPage\":{\"@id\":\"https:\/\/adole-sendo.info\/equipe\/hanna-karen-moreira-antunes\/#primaryimage\"},\"image\":{\"@id\":\"https:\/\/adole-sendo.info\/equipe\/hanna-karen-moreira-antunes\/#primaryimage\"},\"thumbnailUrl\":\"\",\"datePublished\":\"2018-03-26T13:19:31+00:00\",\"dateModified\":\"2023-01-24T19:28:59+00:00\",\"breadcrumb\":{\"@id\":\"https:\/\/adole-sendo.info\/equipe\/hanna-karen-moreira-antunes\/#breadcrumb\"},\"inLanguage\":\"pt-BR\",\"potentialAction\":[{\"@type\":\"ReadAction\",\"target\":[\"https:\/\/adole-sendo.info\/equipe\/hanna-karen-moreira-antunes\/\"]}]},{\"@type\":\"ImageObject\",\"inLanguage\":\"pt-BR\",\"@id\":\"https:\/\/adole-sendo.info\/equipe\/hanna-karen-moreira-antunes\/#primaryimage\",\"url\":\"\",\"contentUrl\":\"\"},{\"@type\":\"BreadcrumbList\",\"@id\":\"https:\/\/adole-sendo.info\/equipe\/hanna-karen-moreira-antunes\/#breadcrumb\",\"itemListElement\":[{\"@type\":\"ListItem\",\"position\":1,\"name\":\"In\u00edcio\",\"item\":\"https:\/\/adole-sendo.info\/equipe\/\"},{\"@type\":\"ListItem\",\"position\":2,\"name\":\"Hanna Karen Moreira Antunes\"}]},{\"@type\":\"WebSite\",\"@id\":\"https:\/\/adole-sendo.info\/equipe\/#website\",\"url\":\"https:\/\/adole-sendo.info\/equipe\/\",\"name\":\"Equipe\",\"description\":\"\",\"publisher\":{\"@id\":\"https:\/\/adole-sendo.info\/equipe\/#organization\"},\"potentialAction\":[{\"@type\":\"SearchAction\",\"target\":{\"@type\":\"EntryPoint\",\"urlTemplate\":\"https:\/\/adole-sendo.info\/equipe\/?s={search_term_string}\"},\"query-input\":{\"@type\":\"PropertyValueSpecification\",\"valueRequired\":true,\"valueName\":\"search_term_string\"}}],\"inLanguage\":\"pt-BR\"},{\"@type\":\"Organization\",\"@id\":\"https:\/\/adole-sendo.info\/equipe\/#organization\",\"name\":\"Equipe\",\"url\":\"https:\/\/adole-sendo.info\/equipe\/\",\"logo\":{\"@type\":\"ImageObject\",\"inLanguage\":\"pt-BR\",\"@id\":\"https:\/\/adole-sendo.info\/equipe\/#\/schema\/logo\/image\/\",\"url\":\"https:\/\/adole-sendo.info\/equipe\/wp-content\/uploads\/sites\/9\/2022\/05\/logopretopequeno.fw_-270x300.png\",\"contentUrl\":\"https:\/\/adole-sendo.info\/equipe\/wp-content\/uploads\/sites\/9\/2022\/05\/logopretopequeno.fw_-270x300.png\",\"width\":270,\"height\":300,\"caption\":\"Equipe\"},\"image\":{\"@id\":\"https:\/\/adole-sendo.info\/equipe\/#\/schema\/logo\/image\/\"}}]}<\/script>\n<!-- \/ Yoast SEO plugin. -->","yoast_head_json":{"title":"Hanna Karen Moreira Antunes - Equipe","robots":{"index":"index","follow":"follow","max-snippet":"max-snippet:-1","max-image-preview":"max-image-preview:large","max-video-preview":"max-video-preview:-1"},"canonical":"https:\/\/adole-sendo.info\/equipe\/hanna-karen-moreira-antunes\/","og_locale":"pt_BR","og_type":"article","og_title":"Hanna Karen Moreira Antunes - Equipe","og_description":"CV abreviado: Hanna Karen Moreira Antunes \u00e9 graduada em Educa\u00e7\u00e3o F\u00edsica pela Universidade Federal de Uberl\u00e2ndia e obteve seu mestrado e doutorado em Psicobiologia pela Universidade Universidade Federal de S\u00e3o Paulo (UNIFESP). Atualmente \u00e9 Professora da UNIFESP &#8211; Campus Baixada Santista no Departamento de Bioci\u00eancias. Sua \u00e1rea de pesquisa foca no impacto do exerc\u00edcio no&hellip; Leia mais","og_url":"https:\/\/adole-sendo.info\/equipe\/hanna-karen-moreira-antunes\/","og_site_name":"Equipe","article_modified_time":"2023-01-24T19:28:59+00:00","twitter_card":"summary_large_image","twitter_misc":{"Est. tempo de leitura":"1 minuto"},"schema":{"@context":"https:\/\/schema.org","@graph":[{"@type":"WebPage","@id":"https:\/\/adole-sendo.info\/equipe\/hanna-karen-moreira-antunes\/","url":"https:\/\/adole-sendo.info\/equipe\/hanna-karen-moreira-antunes\/","name":"Hanna Karen Moreira Antunes - Equipe","isPartOf":{"@id":"https:\/\/adole-sendo.info\/equipe\/#website"},"primaryImageOfPage":{"@id":"https:\/\/adole-sendo.info\/equipe\/hanna-karen-moreira-antunes\/#primaryimage"},"image":{"@id":"https:\/\/adole-sendo.info\/equipe\/hanna-karen-moreira-antunes\/#primaryimage"},"thumbnailUrl":"","datePublished":"2018-03-26T13:19:31+00:00","dateModified":"2023-01-24T19:28:59+00:00","breadcrumb":{"@id":"https:\/\/adole-sendo.info\/equipe\/hanna-karen-moreira-antunes\/#breadcrumb"},"inLanguage":"pt-BR","potentialAction":[{"@type":"ReadAction","target":["https:\/\/adole-sendo.info\/equipe\/hanna-karen-moreira-antunes\/"]}]},{"@type":"ImageObject","inLanguage":"pt-BR","@id":"https:\/\/adole-sendo.info\/equipe\/hanna-karen-moreira-antunes\/#primaryimage","url":"","contentUrl":""},{"@type":"BreadcrumbList","@id":"https:\/\/adole-sendo.info\/equipe\/hanna-karen-moreira-antunes\/#breadcrumb","itemListElement":[{"@type":"ListItem","position":1,"name":"In\u00edcio","item":"https:\/\/adole-sendo.info\/equipe\/"},{"@type":"ListItem","position":2,"name":"Hanna Karen Moreira Antunes"}]},{"@type":"WebSite","@id":"https:\/\/adole-sendo.info\/equipe\/#website","url":"https:\/\/adole-sendo.info\/equipe\/","name":"Equipe","description":"","publisher":{"@id":"https:\/\/adole-sendo.info\/equipe\/#organization"},"potentialAction":[{"@type":"SearchAction","target":{"@type":"EntryPoint","urlTemplate":"https:\/\/adole-sendo.info\/equipe\/?s={search_term_string}"},"query-input":{"@type":"PropertyValueSpecification","valueRequired":true,"valueName":"search_term_string"}}],"inLanguage":"pt-BR"},{"@type":"Organization","@id":"https:\/\/adole-sendo.info\/equipe\/#organization","name":"Equipe","url":"https:\/\/adole-sendo.info\/equipe\/","logo":{"@type":"ImageObject","inLanguage":"pt-BR","@id":"https:\/\/adole-sendo.info\/equipe\/#\/schema\/logo\/image\/","url":"https:\/\/adole-sendo.info\/equipe\/wp-content\/uploads\/sites\/9\/2022\/05\/logopretopequeno.fw_-270x300.png","contentUrl":"https:\/\/adole-sendo.info\/equipe\/wp-content\/uploads\/sites\/9\/2022\/05\/logopretopequeno.fw_-270x300.png","width":270,"height":300,"caption":"Equipe"},"image":{"@id":"https:\/\/adole-sendo.info\/equipe\/#\/schema\/logo\/image\/"}}]}},"_links":{"self":[{"href":"https:\/\/adole-sendo.info\/equipe\/wp-json\/wp\/v2\/pages\/513"}],"collection":[{"href":"https:\/\/adole-sendo.info\/equipe\/wp-json\/wp\/v2\/pages"}],"about":[{"href":"https:\/\/adole-sendo.info\/equipe\/wp-json\/wp\/v2\/types\/page"}],"author":[{"embeddable":true,"href":"https:\/\/adole-sendo.info\/equipe\/wp-json\/wp\/v2\/users\/1"}],"replies":[{"embeddable":true,"href":"https:\/\/adole-sendo.info\/equipe\/wp-json\/wp\/v2\/comments?post=513"}],"version-history":[{"count":3,"href":"https:\/\/adole-sendo.info\/equipe\/wp-json\/wp\/v2\/pages\/513\/revisions"}],"predecessor-version":[{"id":1076,"href":"https:\/\/adole-sendo.info\/equipe\/wp-json\/wp\/v2\/pages\/513\/revisions\/1076"}],"wp:featuredmedia":[{"embeddable":true,"href":"https:\/\/adole-sendo.info\/equipe\/wp-json\/"}],"wp:attachment":[{"href":"https:\/\/adole-sendo.info\/equipe\/wp-json\/wp\/v2\/media?parent=513"}],"curies":[{"name":"wp","href":"https:\/\/api.w.org\/{rel}","templated":true}]}}