{"id":507,"date":"2018-03-23T21:59:23","date_gmt":"2018-03-23T21:59:23","guid":{"rendered":"https:\/\/adole-sendo.info\/?page_id=507"},"modified":"2023-01-24T16:05:41","modified_gmt":"2023-01-24T19:05:41","slug":"monica-carolina-de-miranda","status":"publish","type":"page","link":"https:\/\/adole-sendo.info\/equipe\/monica-carolina-de-miranda\/","title":{"rendered":"Monica Carolina de Miranda"},"content":{"rendered":"\t\t<div data-elementor-type=\"wp-page\" data-elementor-id=\"507\" class=\"elementor elementor-507\">\n\t\t\t\t\t\t<div class=\"elementor-inner\">\n\t\t\t\t<div class=\"elementor-section-wrap\">\n\t\t\t\t\t\t\t\t\t<section class=\"elementor-section elementor-top-section elementor-element elementor-element-7beabecf elementor-section-boxed elementor-section-height-default elementor-section-height-default\" data-id=\"7beabecf\" data-element_type=\"section\">\n\t\t\t\t\t\t<div class=\"elementor-container elementor-column-gap-default\">\n\t\t\t\t\t\t\t<div class=\"elementor-row\">\n\t\t\t\t\t<div class=\"elementor-column elementor-col-100 elementor-top-column elementor-element elementor-element-6b537b33\" data-id=\"6b537b33\" data-element_type=\"column\">\n\t\t\t<div class=\"elementor-column-wrap elementor-element-populated\">\n\t\t\t\t\t\t\t<div class=\"elementor-widget-wrap\">\n\t\t\t\t\t\t<div class=\"elementor-element elementor-element-64c11d9 elementor-widget elementor-widget-spacer\" data-id=\"64c11d9\" data-element_type=\"widget\" data-widget_type=\"spacer.default\">\n\t\t\t\t<div class=\"elementor-widget-container\">\n\t\t\t\t\t<div class=\"elementor-spacer\">\n\t\t\t<div class=\"elementor-spacer-inner\"><\/div>\n\t\t<\/div>\n\t\t\t\t<\/div>\n\t\t\t\t<\/div>\n\t\t\t\t<div class=\"elementor-element elementor-element-2bc13972 elementor-widget elementor-widget-text-editor\" data-id=\"2bc13972\" data-element_type=\"widget\" data-widget_type=\"text-editor.default\">\n\t\t\t\t<div class=\"elementor-widget-container\">\n\t\t\t\t\t\t\t\t<div class=\"elementor-text-editor elementor-clearfix\">\n\t\t\t\t<img loading=\"lazy\" decoding=\"async\" class=\"alignnone size-medium wp-image-181 alignleft\" src=\"https:\/\/adole-sendo.info\/wp-content\/uploads\/2018\/01\/monica-261x300.png\" alt=\"\" width=\"261\" height=\"300\" \/>\r\n\r\nCV abreviado: Graduada em Psicologia pela Universidade S\u00e3o Marcos, com mestrado e Doutorado pela Universidade Federal de S\u00e3o Paulo (UNIFESP), no Departamento de Psicobiologia. \u00c9 atualmente Professora da Universidade Ibirapuera, Professora afiliada da UNIFESP \u00a0e orientadora do Programa de P\u00f3s gradua\u00e7\u00e3o em Psicobiologia desta institui\u00e7\u00e3o. Tem experi\u00eancia na \u00e1rea de psicologia, com \u00eanfase em desenvolvimento cognitivo e neuropsicol\u00f3gico a atua nas \u00e1reas de desenvolvimento de aten\u00e7\u00e3o, mem\u00f3ria, fun\u00e7\u00f5es executivas, avalia\u00e7\u00e3o neuropsicol\u00f3gica, e adapta\u00e7\u00e3o de medidas cognitivas para uso no Brasil.\r\n\r\nCV Completo:\u00a0<a href=\"http:\/\/lattes.cnpq.br\/9118075016908696\">http:\/\/lattes.cnpq.br\/9118075016908696<\/a>\r\n\r\n&nbsp;\r\n\r\n&nbsp;\t\t\t\t\t<\/div>\n\t\t\t\t\t\t<\/div>\n\t\t\t\t<\/div>\n\t\t\t\t\t\t<\/div>\n\t\t\t\t\t<\/div>\n\t\t<\/div>\n\t\t\t\t\t\t\t\t<\/div>\n\t\t\t\t\t<\/div>\n\t\t<\/section>\n\t\t\t\t\t\t\t\t\t<\/div>\n\t\t\t<\/div>\n\t\t\t\t\t<\/div>\n\t\t","protected":false},"excerpt":{"rendered":"<p>CV abreviado: Graduada em Psicologia pela Universidade S\u00e3o Marcos, com mestrado e Doutorado pela Universidade Federal de S\u00e3o Paulo (UNIFESP), no Departamento de Psicobiologia. \u00c9 atualmente Professora da Universidade Ibirapuera, Professora afiliada da UNIFESP \u00a0e orientadora do Programa de P\u00f3s gradua\u00e7\u00e3o em Psicobiologia desta institui\u00e7\u00e3o. Tem experi\u00eancia na \u00e1rea de psicologia, com \u00eanfase em desenvolvimento&hellip; <br \/> <a class=\"button small blue\" href=\"https:\/\/adole-sendo.info\/equipe\/monica-carolina-de-miranda\/\">Leia mais<\/a><\/p>\n","protected":false},"author":1,"featured_media":181,"parent":0,"menu_order":0,"comment_status":"closed","ping_status":"closed","template":"","meta":{"footnotes":""},"class_list":["post-507","page","type-page","status-publish","has-post-thumbnail","hentry"],"yoast_head":"<!-- This site is optimized with the Yoast SEO plugin v23.7 - https:\/\/yoast.com\/wordpress\/plugins\/seo\/ -->\n<title>Monica Carolina de Miranda - Equipe<\/title>\n<meta name=\"description\" content=\"CV abreviado: Graduada em Psicologia pela U\" \/>\n<meta name=\"robots\" content=\"index, follow, max-snippet:-1, max-image-preview:large, max-video-preview:-1\" \/>\n<link rel=\"canonical\" href=\"https:\/\/adole-sendo.info\/equipe\/monica-carolina-de-miranda\/\" \/>\n<meta property=\"og:locale\" content=\"pt_BR\" \/>\n<meta property=\"og:type\" content=\"article\" \/>\n<meta property=\"og:title\" content=\"Monica Carolina de Miranda - Equipe\" \/>\n<meta property=\"og:description\" content=\"CV abreviado: Graduada em Psicologia pela U\" \/>\n<meta property=\"og:url\" content=\"https:\/\/adole-sendo.info\/equipe\/monica-carolina-de-miranda\/\" \/>\n<meta property=\"og:site_name\" content=\"Equipe\" \/>\n<meta property=\"article:modified_time\" content=\"2023-01-24T19:05:41+00:00\" \/>\n<meta name=\"twitter:card\" content=\"summary_large_image\" \/>\n<meta name=\"twitter:label1\" content=\"Est. tempo de leitura\" \/>\n\t<meta name=\"twitter:data1\" content=\"1 minuto\" \/>\n<script type=\"application\/ld+json\" class=\"yoast-schema-graph\">{\"@context\":\"https:\/\/schema.org\",\"@graph\":[{\"@type\":\"WebPage\",\"@id\":\"https:\/\/adole-sendo.info\/equipe\/monica-carolina-de-miranda\/\",\"url\":\"https:\/\/adole-sendo.info\/equipe\/monica-carolina-de-miranda\/\",\"name\":\"Monica Carolina de Miranda - Equipe\",\"isPartOf\":{\"@id\":\"https:\/\/adole-sendo.info\/equipe\/#website\"},\"primaryImageOfPage\":{\"@id\":\"https:\/\/adole-sendo.info\/equipe\/monica-carolina-de-miranda\/#primaryimage\"},\"image\":{\"@id\":\"https:\/\/adole-sendo.info\/equipe\/monica-carolina-de-miranda\/#primaryimage\"},\"thumbnailUrl\":\"\",\"datePublished\":\"2018-03-23T21:59:23+00:00\",\"dateModified\":\"2023-01-24T19:05:41+00:00\",\"description\":\"CV abreviado: Graduada em Psicologia pela U\",\"breadcrumb\":{\"@id\":\"https:\/\/adole-sendo.info\/equipe\/monica-carolina-de-miranda\/#breadcrumb\"},\"inLanguage\":\"pt-BR\",\"potentialAction\":[{\"@type\":\"ReadAction\",\"target\":[\"https:\/\/adole-sendo.info\/equipe\/monica-carolina-de-miranda\/\"]}]},{\"@type\":\"ImageObject\",\"inLanguage\":\"pt-BR\",\"@id\":\"https:\/\/adole-sendo.info\/equipe\/monica-carolina-de-miranda\/#primaryimage\",\"url\":\"\",\"contentUrl\":\"\"},{\"@type\":\"BreadcrumbList\",\"@id\":\"https:\/\/adole-sendo.info\/equipe\/monica-carolina-de-miranda\/#breadcrumb\",\"itemListElement\":[{\"@type\":\"ListItem\",\"position\":1,\"name\":\"In\u00edcio\",\"item\":\"https:\/\/adole-sendo.info\/equipe\/\"},{\"@type\":\"ListItem\",\"position\":2,\"name\":\"Monica Carolina de Miranda\"}]},{\"@type\":\"WebSite\",\"@id\":\"https:\/\/adole-sendo.info\/equipe\/#website\",\"url\":\"https:\/\/adole-sendo.info\/equipe\/\",\"name\":\"Equipe\",\"description\":\"\",\"publisher\":{\"@id\":\"https:\/\/adole-sendo.info\/equipe\/#organization\"},\"potentialAction\":[{\"@type\":\"SearchAction\",\"target\":{\"@type\":\"EntryPoint\",\"urlTemplate\":\"https:\/\/adole-sendo.info\/equipe\/?s={search_term_string}\"},\"query-input\":{\"@type\":\"PropertyValueSpecification\",\"valueRequired\":true,\"valueName\":\"search_term_string\"}}],\"inLanguage\":\"pt-BR\"},{\"@type\":\"Organization\",\"@id\":\"https:\/\/adole-sendo.info\/equipe\/#organization\",\"name\":\"Equipe\",\"url\":\"https:\/\/adole-sendo.info\/equipe\/\",\"logo\":{\"@type\":\"ImageObject\",\"inLanguage\":\"pt-BR\",\"@id\":\"https:\/\/adole-sendo.info\/equipe\/#\/schema\/logo\/image\/\",\"url\":\"https:\/\/adole-sendo.info\/equipe\/wp-content\/uploads\/sites\/9\/2022\/05\/logopretopequeno.fw_-270x300.png\",\"contentUrl\":\"https:\/\/adole-sendo.info\/equipe\/wp-content\/uploads\/sites\/9\/2022\/05\/logopretopequeno.fw_-270x300.png\",\"width\":270,\"height\":300,\"caption\":\"Equipe\"},\"image\":{\"@id\":\"https:\/\/adole-sendo.info\/equipe\/#\/schema\/logo\/image\/\"}}]}<\/script>\n<!-- \/ Yoast SEO plugin. -->","yoast_head_json":{"title":"Monica Carolina de Miranda - Equipe","description":"CV abreviado: Graduada em Psicologia pela U","robots":{"index":"index","follow":"follow","max-snippet":"max-snippet:-1","max-image-preview":"max-image-preview:large","max-video-preview":"max-video-preview:-1"},"canonical":"https:\/\/adole-sendo.info\/equipe\/monica-carolina-de-miranda\/","og_locale":"pt_BR","og_type":"article","og_title":"Monica Carolina de Miranda - Equipe","og_description":"CV abreviado: Graduada em Psicologia pela U","og_url":"https:\/\/adole-sendo.info\/equipe\/monica-carolina-de-miranda\/","og_site_name":"Equipe","article_modified_time":"2023-01-24T19:05:41+00:00","twitter_card":"summary_large_image","twitter_misc":{"Est. tempo de leitura":"1 minuto"},"schema":{"@context":"https:\/\/schema.org","@graph":[{"@type":"WebPage","@id":"https:\/\/adole-sendo.info\/equipe\/monica-carolina-de-miranda\/","url":"https:\/\/adole-sendo.info\/equipe\/monica-carolina-de-miranda\/","name":"Monica Carolina de Miranda - Equipe","isPartOf":{"@id":"https:\/\/adole-sendo.info\/equipe\/#website"},"primaryImageOfPage":{"@id":"https:\/\/adole-sendo.info\/equipe\/monica-carolina-de-miranda\/#primaryimage"},"image":{"@id":"https:\/\/adole-sendo.info\/equipe\/monica-carolina-de-miranda\/#primaryimage"},"thumbnailUrl":"","datePublished":"2018-03-23T21:59:23+00:00","dateModified":"2023-01-24T19:05:41+00:00","description":"CV abreviado: Graduada em Psicologia pela U","breadcrumb":{"@id":"https:\/\/adole-sendo.info\/equipe\/monica-carolina-de-miranda\/#breadcrumb"},"inLanguage":"pt-BR","potentialAction":[{"@type":"ReadAction","target":["https:\/\/adole-sendo.info\/equipe\/monica-carolina-de-miranda\/"]}]},{"@type":"ImageObject","inLanguage":"pt-BR","@id":"https:\/\/adole-sendo.info\/equipe\/monica-carolina-de-miranda\/#primaryimage","url":"","contentUrl":""},{"@type":"BreadcrumbList","@id":"https:\/\/adole-sendo.info\/equipe\/monica-carolina-de-miranda\/#breadcrumb","itemListElement":[{"@type":"ListItem","position":1,"name":"In\u00edcio","item":"https:\/\/adole-sendo.info\/equipe\/"},{"@type":"ListItem","position":2,"name":"Monica Carolina de Miranda"}]},{"@type":"WebSite","@id":"https:\/\/adole-sendo.info\/equipe\/#website","url":"https:\/\/adole-sendo.info\/equipe\/","name":"Equipe","description":"","publisher":{"@id":"https:\/\/adole-sendo.info\/equipe\/#organization"},"potentialAction":[{"@type":"SearchAction","target":{"@type":"EntryPoint","urlTemplate":"https:\/\/adole-sendo.info\/equipe\/?s={search_term_string}"},"query-input":{"@type":"PropertyValueSpecification","valueRequired":true,"valueName":"search_term_string"}}],"inLanguage":"pt-BR"},{"@type":"Organization","@id":"https:\/\/adole-sendo.info\/equipe\/#organization","name":"Equipe","url":"https:\/\/adole-sendo.info\/equipe\/","logo":{"@type":"ImageObject","inLanguage":"pt-BR","@id":"https:\/\/adole-sendo.info\/equipe\/#\/schema\/logo\/image\/","url":"https:\/\/adole-sendo.info\/equipe\/wp-content\/uploads\/sites\/9\/2022\/05\/logopretopequeno.fw_-270x300.png","contentUrl":"https:\/\/adole-sendo.info\/equipe\/wp-content\/uploads\/sites\/9\/2022\/05\/logopretopequeno.fw_-270x300.png","width":270,"height":300,"caption":"Equipe"},"image":{"@id":"https:\/\/adole-sendo.info\/equipe\/#\/schema\/logo\/image\/"}}]}},"_links":{"self":[{"href":"https:\/\/adole-sendo.info\/equipe\/wp-json\/wp\/v2\/pages\/507"}],"collection":[{"href":"https:\/\/adole-sendo.info\/equipe\/wp-json\/wp\/v2\/pages"}],"about":[{"href":"https:\/\/adole-sendo.info\/equipe\/wp-json\/wp\/v2\/types\/page"}],"author":[{"embeddable":true,"href":"https:\/\/adole-sendo.info\/equipe\/wp-json\/wp\/v2\/users\/1"}],"replies":[{"embeddable":true,"href":"https:\/\/adole-sendo.info\/equipe\/wp-json\/wp\/v2\/comments?post=507"}],"version-history":[{"count":4,"href":"https:\/\/adole-sendo.info\/equipe\/wp-json\/wp\/v2\/pages\/507\/revisions"}],"predecessor-version":[{"id":1067,"href":"https:\/\/adole-sendo.info\/equipe\/wp-json\/wp\/v2\/pages\/507\/revisions\/1067"}],"wp:featuredmedia":[{"embeddable":true,"href":"https:\/\/adole-sendo.info\/equipe\/wp-json\/"}],"wp:attachment":[{"href":"https:\/\/adole-sendo.info\/equipe\/wp-json\/wp\/v2\/media?parent=507"}],"curies":[{"name":"wp","href":"https:\/\/api.w.org\/{rel}","templated":true}]}}