{"id":504,"date":"2018-03-23T21:55:40","date_gmt":"2018-03-23T21:55:40","guid":{"rendered":"https:\/\/adole-sendo.info\/?page_id=504"},"modified":"2023-01-24T16:17:30","modified_gmt":"2023-01-24T19:17:30","slug":"debora-cristina-hipolide","status":"publish","type":"page","link":"https:\/\/adole-sendo.info\/equipe\/debora-cristina-hipolide\/","title":{"rendered":"D\u00e9bora Cristina Hip\u00f3lide"},"content":{"rendered":"\t\t<div data-elementor-type=\"wp-page\" data-elementor-id=\"504\" class=\"elementor elementor-504\">\n\t\t\t\t\t\t<div class=\"elementor-inner\">\n\t\t\t\t<div class=\"elementor-section-wrap\">\n\t\t\t\t\t\t\t\t\t<section class=\"elementor-section elementor-top-section elementor-element elementor-element-1ebf198b elementor-section-boxed elementor-section-height-default elementor-section-height-default\" data-id=\"1ebf198b\" data-element_type=\"section\">\n\t\t\t\t\t\t<div class=\"elementor-container elementor-column-gap-default\">\n\t\t\t\t\t\t\t<div class=\"elementor-row\">\n\t\t\t\t\t<div class=\"elementor-column elementor-col-100 elementor-top-column elementor-element elementor-element-125875b\" data-id=\"125875b\" data-element_type=\"column\">\n\t\t\t<div class=\"elementor-column-wrap elementor-element-populated\">\n\t\t\t\t\t\t\t<div class=\"elementor-widget-wrap\">\n\t\t\t\t\t\t<div class=\"elementor-element elementor-element-32dc036 elementor-widget elementor-widget-spacer\" data-id=\"32dc036\" data-element_type=\"widget\" data-widget_type=\"spacer.default\">\n\t\t\t\t<div class=\"elementor-widget-container\">\n\t\t\t\t\t<div class=\"elementor-spacer\">\n\t\t\t<div class=\"elementor-spacer-inner\"><\/div>\n\t\t<\/div>\n\t\t\t\t<\/div>\n\t\t\t\t<\/div>\n\t\t\t\t<div class=\"elementor-element elementor-element-6020fbb0 elementor-widget elementor-widget-text-editor\" data-id=\"6020fbb0\" data-element_type=\"widget\" data-widget_type=\"text-editor.default\">\n\t\t\t\t<div class=\"elementor-widget-container\">\n\t\t\t\t\t\t\t\t<div class=\"elementor-text-editor elementor-clearfix\">\n\t\t\t\t<img loading=\"lazy\" decoding=\"async\" class=\"alignnone size-medium wp-image-424 alignleft\" src=\"https:\/\/adole-sendo.info\/wp-content\/uploads\/2018\/01\/cropped-debora-3-300x300.png\" alt=\"\" width=\"300\" height=\"300\" \/>\n\nCV abreviado: Graduada em Ci\u00eancias Exatas e Experimentais, curso de Ci\u00eancias Biol\u00f3gicas, pela Universidade Presbiteriana Mackenzie (1990), com Mestrado (1995), doutorado (1997) e p\u00f3s-doutorado (2000) em Psicobiologia pela Universidade Federal de S\u00e3o Paulo., Doutorado em Psicobiologia pela Universidade Federal de S\u00e3o Paulo (1997). Parte de seu doutorado foi realizado no Clarke Institute of Psychiatry &#8211; Toronto, Canad\u00e1 (1995-1996. Atualmente \u00e9 Professora Associada da Universidade Federal de S\u00e3o Paulo &#8211; Departamento de Psicobiologia e Coordenadora do Programa de P\u00f3s-Gradua\u00e7\u00e3o Psicobiologia &#8211; UNIFESP. Tem experi\u00eancia na \u00e1rea de Farmacologia, com \u00eanfase em Neuropsicofarmacologia, atuando principalmente nos seguintes temas: consequ\u00eancias da priva\u00e7\u00e3o de sono, com \u00eanfase em altera\u00e7\u00f5es em sistemas de neurotransmiss\u00e3o (colin\u00e9rgico, GABA\u00e9rgico e glutamat\u00e9rgico) associados \u00e0 fun\u00e7\u00f5es cognitivas, como aprendizagem e mem\u00f3ria.<strong>\u00a0<\/strong>\n\nCV detalhado: <a href=\"http:\/\/lattes.cnpq.br\/6303382961871353\">http:\/\/lattes.cnpq.br\/6303382961871353<\/a>\n\n<strong>\u00a0<\/strong>\n\n&nbsp;\t\t\t\t\t<\/div>\n\t\t\t\t\t\t<\/div>\n\t\t\t\t<\/div>\n\t\t\t\t\t\t<\/div>\n\t\t\t\t\t<\/div>\n\t\t<\/div>\n\t\t\t\t\t\t\t\t<\/div>\n\t\t\t\t\t<\/div>\n\t\t<\/section>\n\t\t\t\t\t\t\t\t\t<\/div>\n\t\t\t<\/div>\n\t\t\t\t\t<\/div>\n\t\t","protected":false},"excerpt":{"rendered":"<p>CV abreviado: Graduada em Ci\u00eancias Exatas e Experimentais, curso de Ci\u00eancias Biol\u00f3gicas, pela Universidade Presbiteriana Mackenzie (1990), com Mestrado (1995), doutorado (1997) e p\u00f3s-doutorado (2000) em Psicobiologia pela Universidade Federal de S\u00e3o Paulo., Doutorado em Psicobiologia pela Universidade Federal de S\u00e3o Paulo (1997). Parte de seu doutorado foi realizado no Clarke Institute of Psychiatry &#8211;&hellip; <br \/> <a class=\"button small blue\" href=\"https:\/\/adole-sendo.info\/equipe\/debora-cristina-hipolide\/\">Leia mais<\/a><\/p>\n","protected":false},"author":1,"featured_media":424,"parent":0,"menu_order":0,"comment_status":"closed","ping_status":"closed","template":"","meta":{"footnotes":""},"class_list":["post-504","page","type-page","status-publish","has-post-thumbnail","hentry"],"yoast_head":"<!-- This site is optimized with the Yoast SEO plugin v23.7 - https:\/\/yoast.com\/wordpress\/plugins\/seo\/ -->\n<title>D\u00e9bora Cristina Hip\u00f3lide - Equipe<\/title>\n<meta name=\"description\" content=\"CV abreviado: Graduada em Ci\u00eanci\" \/>\n<meta name=\"robots\" content=\"index, follow, max-snippet:-1, max-image-preview:large, max-video-preview:-1\" \/>\n<link rel=\"canonical\" href=\"https:\/\/adole-sendo.info\/equipe\/debora-cristina-hipolide\/\" \/>\n<meta property=\"og:locale\" content=\"pt_BR\" \/>\n<meta property=\"og:type\" content=\"article\" \/>\n<meta property=\"og:title\" content=\"D\u00e9bora Cristina Hip\u00f3lide - Equipe\" \/>\n<meta property=\"og:description\" content=\"CV abreviado: Graduada em Ci\u00eanci\" \/>\n<meta property=\"og:url\" content=\"https:\/\/adole-sendo.info\/equipe\/debora-cristina-hipolide\/\" \/>\n<meta property=\"og:site_name\" content=\"Equipe\" \/>\n<meta property=\"article:modified_time\" content=\"2023-01-24T19:17:30+00:00\" \/>\n<meta name=\"twitter:card\" content=\"summary_large_image\" \/>\n<meta name=\"twitter:label1\" content=\"Est. tempo de leitura\" \/>\n\t<meta name=\"twitter:data1\" content=\"1 minuto\" \/>\n<script type=\"application\/ld+json\" class=\"yoast-schema-graph\">{\"@context\":\"https:\/\/schema.org\",\"@graph\":[{\"@type\":\"WebPage\",\"@id\":\"https:\/\/adole-sendo.info\/equipe\/debora-cristina-hipolide\/\",\"url\":\"https:\/\/adole-sendo.info\/equipe\/debora-cristina-hipolide\/\",\"name\":\"D\u00e9bora Cristina Hip\u00f3lide - Equipe\",\"isPartOf\":{\"@id\":\"https:\/\/adole-sendo.info\/equipe\/#website\"},\"primaryImageOfPage\":{\"@id\":\"https:\/\/adole-sendo.info\/equipe\/debora-cristina-hipolide\/#primaryimage\"},\"image\":{\"@id\":\"https:\/\/adole-sendo.info\/equipe\/debora-cristina-hipolide\/#primaryimage\"},\"thumbnailUrl\":\"\",\"datePublished\":\"2018-03-23T21:55:40+00:00\",\"dateModified\":\"2023-01-24T19:17:30+00:00\",\"description\":\"CV abreviado: Graduada em Ci\u00eanci\",\"breadcrumb\":{\"@id\":\"https:\/\/adole-sendo.info\/equipe\/debora-cristina-hipolide\/#breadcrumb\"},\"inLanguage\":\"pt-BR\",\"potentialAction\":[{\"@type\":\"ReadAction\",\"target\":[\"https:\/\/adole-sendo.info\/equipe\/debora-cristina-hipolide\/\"]}]},{\"@type\":\"ImageObject\",\"inLanguage\":\"pt-BR\",\"@id\":\"https:\/\/adole-sendo.info\/equipe\/debora-cristina-hipolide\/#primaryimage\",\"url\":\"\",\"contentUrl\":\"\"},{\"@type\":\"BreadcrumbList\",\"@id\":\"https:\/\/adole-sendo.info\/equipe\/debora-cristina-hipolide\/#breadcrumb\",\"itemListElement\":[{\"@type\":\"ListItem\",\"position\":1,\"name\":\"In\u00edcio\",\"item\":\"https:\/\/adole-sendo.info\/equipe\/\"},{\"@type\":\"ListItem\",\"position\":2,\"name\":\"D\u00e9bora Cristina Hip\u00f3lide\"}]},{\"@type\":\"WebSite\",\"@id\":\"https:\/\/adole-sendo.info\/equipe\/#website\",\"url\":\"https:\/\/adole-sendo.info\/equipe\/\",\"name\":\"Equipe\",\"description\":\"\",\"publisher\":{\"@id\":\"https:\/\/adole-sendo.info\/equipe\/#organization\"},\"potentialAction\":[{\"@type\":\"SearchAction\",\"target\":{\"@type\":\"EntryPoint\",\"urlTemplate\":\"https:\/\/adole-sendo.info\/equipe\/?s={search_term_string}\"},\"query-input\":{\"@type\":\"PropertyValueSpecification\",\"valueRequired\":true,\"valueName\":\"search_term_string\"}}],\"inLanguage\":\"pt-BR\"},{\"@type\":\"Organization\",\"@id\":\"https:\/\/adole-sendo.info\/equipe\/#organization\",\"name\":\"Equipe\",\"url\":\"https:\/\/adole-sendo.info\/equipe\/\",\"logo\":{\"@type\":\"ImageObject\",\"inLanguage\":\"pt-BR\",\"@id\":\"https:\/\/adole-sendo.info\/equipe\/#\/schema\/logo\/image\/\",\"url\":\"https:\/\/adole-sendo.info\/equipe\/wp-content\/uploads\/sites\/9\/2022\/05\/logopretopequeno.fw_-270x300.png\",\"contentUrl\":\"https:\/\/adole-sendo.info\/equipe\/wp-content\/uploads\/sites\/9\/2022\/05\/logopretopequeno.fw_-270x300.png\",\"width\":270,\"height\":300,\"caption\":\"Equipe\"},\"image\":{\"@id\":\"https:\/\/adole-sendo.info\/equipe\/#\/schema\/logo\/image\/\"}}]}<\/script>\n<!-- \/ Yoast SEO plugin. -->","yoast_head_json":{"title":"D\u00e9bora Cristina Hip\u00f3lide - Equipe","description":"CV abreviado: Graduada em Ci\u00eanci","robots":{"index":"index","follow":"follow","max-snippet":"max-snippet:-1","max-image-preview":"max-image-preview:large","max-video-preview":"max-video-preview:-1"},"canonical":"https:\/\/adole-sendo.info\/equipe\/debora-cristina-hipolide\/","og_locale":"pt_BR","og_type":"article","og_title":"D\u00e9bora Cristina Hip\u00f3lide - Equipe","og_description":"CV abreviado: Graduada em Ci\u00eanci","og_url":"https:\/\/adole-sendo.info\/equipe\/debora-cristina-hipolide\/","og_site_name":"Equipe","article_modified_time":"2023-01-24T19:17:30+00:00","twitter_card":"summary_large_image","twitter_misc":{"Est. tempo de leitura":"1 minuto"},"schema":{"@context":"https:\/\/schema.org","@graph":[{"@type":"WebPage","@id":"https:\/\/adole-sendo.info\/equipe\/debora-cristina-hipolide\/","url":"https:\/\/adole-sendo.info\/equipe\/debora-cristina-hipolide\/","name":"D\u00e9bora Cristina Hip\u00f3lide - Equipe","isPartOf":{"@id":"https:\/\/adole-sendo.info\/equipe\/#website"},"primaryImageOfPage":{"@id":"https:\/\/adole-sendo.info\/equipe\/debora-cristina-hipolide\/#primaryimage"},"image":{"@id":"https:\/\/adole-sendo.info\/equipe\/debora-cristina-hipolide\/#primaryimage"},"thumbnailUrl":"","datePublished":"2018-03-23T21:55:40+00:00","dateModified":"2023-01-24T19:17:30+00:00","description":"CV abreviado: Graduada em Ci\u00eanci","breadcrumb":{"@id":"https:\/\/adole-sendo.info\/equipe\/debora-cristina-hipolide\/#breadcrumb"},"inLanguage":"pt-BR","potentialAction":[{"@type":"ReadAction","target":["https:\/\/adole-sendo.info\/equipe\/debora-cristina-hipolide\/"]}]},{"@type":"ImageObject","inLanguage":"pt-BR","@id":"https:\/\/adole-sendo.info\/equipe\/debora-cristina-hipolide\/#primaryimage","url":"","contentUrl":""},{"@type":"BreadcrumbList","@id":"https:\/\/adole-sendo.info\/equipe\/debora-cristina-hipolide\/#breadcrumb","itemListElement":[{"@type":"ListItem","position":1,"name":"In\u00edcio","item":"https:\/\/adole-sendo.info\/equipe\/"},{"@type":"ListItem","position":2,"name":"D\u00e9bora Cristina Hip\u00f3lide"}]},{"@type":"WebSite","@id":"https:\/\/adole-sendo.info\/equipe\/#website","url":"https:\/\/adole-sendo.info\/equipe\/","name":"Equipe","description":"","publisher":{"@id":"https:\/\/adole-sendo.info\/equipe\/#organization"},"potentialAction":[{"@type":"SearchAction","target":{"@type":"EntryPoint","urlTemplate":"https:\/\/adole-sendo.info\/equipe\/?s={search_term_string}"},"query-input":{"@type":"PropertyValueSpecification","valueRequired":true,"valueName":"search_term_string"}}],"inLanguage":"pt-BR"},{"@type":"Organization","@id":"https:\/\/adole-sendo.info\/equipe\/#organization","name":"Equipe","url":"https:\/\/adole-sendo.info\/equipe\/","logo":{"@type":"ImageObject","inLanguage":"pt-BR","@id":"https:\/\/adole-sendo.info\/equipe\/#\/schema\/logo\/image\/","url":"https:\/\/adole-sendo.info\/equipe\/wp-content\/uploads\/sites\/9\/2022\/05\/logopretopequeno.fw_-270x300.png","contentUrl":"https:\/\/adole-sendo.info\/equipe\/wp-content\/uploads\/sites\/9\/2022\/05\/logopretopequeno.fw_-270x300.png","width":270,"height":300,"caption":"Equipe"},"image":{"@id":"https:\/\/adole-sendo.info\/equipe\/#\/schema\/logo\/image\/"}}]}},"_links":{"self":[{"href":"https:\/\/adole-sendo.info\/equipe\/wp-json\/wp\/v2\/pages\/504"}],"collection":[{"href":"https:\/\/adole-sendo.info\/equipe\/wp-json\/wp\/v2\/pages"}],"about":[{"href":"https:\/\/adole-sendo.info\/equipe\/wp-json\/wp\/v2\/types\/page"}],"author":[{"embeddable":true,"href":"https:\/\/adole-sendo.info\/equipe\/wp-json\/wp\/v2\/users\/1"}],"replies":[{"embeddable":true,"href":"https:\/\/adole-sendo.info\/equipe\/wp-json\/wp\/v2\/comments?post=504"}],"version-history":[{"count":3,"href":"https:\/\/adole-sendo.info\/equipe\/wp-json\/wp\/v2\/pages\/504\/revisions"}],"predecessor-version":[{"id":1073,"href":"https:\/\/adole-sendo.info\/equipe\/wp-json\/wp\/v2\/pages\/504\/revisions\/1073"}],"wp:featuredmedia":[{"embeddable":true,"href":"https:\/\/adole-sendo.info\/equipe\/wp-json\/"}],"wp:attachment":[{"href":"https:\/\/adole-sendo.info\/equipe\/wp-json\/wp\/v2\/media?parent=504"}],"curies":[{"name":"wp","href":"https:\/\/api.w.org\/{rel}","templated":true}]}}