{"id":202,"date":"2018-01-09T07:21:48","date_gmt":"2018-01-09T07:21:48","guid":{"rendered":"https:\/\/adole-sendo.info\/?page_id=202"},"modified":"2023-01-25T23:02:25","modified_gmt":"2023-01-26T02:02:25","slug":"adole-sendo","status":"publish","type":"page","link":"https:\/\/adole-sendo.info\/equipe\/adole-sendo\/","title":{"rendered":"Sobre o Projeto"},"content":{"rendered":"<p><img loading=\"lazy\" decoding=\"async\" class=\" wp-image-1092 aligncenter\" src=\"https:\/\/adole-sendo.info\/equipe\/wp-content\/uploads\/sites\/9\/2023\/01\/pexels-cottonbro-studio-6698318-300x200.jpg\" alt=\"\" width=\"464\" height=\"309\" srcset=\"https:\/\/adole-sendo.info\/equipe\/wp-content\/uploads\/sites\/9\/2023\/01\/pexels-cottonbro-studio-6698318-300x200.jpg 300w, https:\/\/adole-sendo.info\/equipe\/wp-content\/uploads\/sites\/9\/2023\/01\/pexels-cottonbro-studio-6698318-1024x682.jpg 1024w, https:\/\/adole-sendo.info\/equipe\/wp-content\/uploads\/sites\/9\/2023\/01\/pexels-cottonbro-studio-6698318-768x512.jpg 768w, https:\/\/adole-sendo.info\/equipe\/wp-content\/uploads\/sites\/9\/2023\/01\/pexels-cottonbro-studio-6698318.jpg 1280w\" sizes=\"(max-width: 464px) 100vw, 464px\" \/><\/p>\n<p>O Minist\u00e9rio da Sa\u00fade, que segue a conven\u00e7\u00e3o da Organiza\u00e7\u00e3o Mundial da Sa\u00fade (OMS), considera a adolesc\u00eancia o per\u00edodo de vida compreendido entre 10 e 20 anos, uma \u00e9poca de grande vulnerabilidade a diversos desfechos negativos como problemas de sa\u00fade mental e acidentes. Isso decorre de v\u00e1rios fatores, incluindo mudan\u00e7as cerebrais que influenciam o comportamento, isto \u00e9, a forma com que as pessoas percebem o mundo, pensam, se sentem e agem.<\/p>\n<p>Contudo, a trajet\u00f3ria deste desenvolvimento comportamental pode variar muito de um adolescente para o outro, pois ele \u00e9 parcialmente decorrente do amadurecimento puberal (matura\u00e7\u00e3o sexual) que ocorre nessa fase e que \u00e9 muito vari\u00e1vel entre indiv\u00edduos e sexos. Al\u00e9m disso, aspectos gen\u00e9ticos, socioecon\u00f4micos e a estimula\u00e7\u00e3o cognitiva \u00e0 qual cada indiv\u00edduo \u00e9 exposto tamb\u00e9m t\u00eam influ\u00eancia no c\u00e9rebro e nos comportamentos.<\/p>\n<blockquote><p><strong><em>O Projeto Adole-sendo foca na matura\u00e7\u00e3o comportamental no in\u00edcio da adolesc\u00eancia (fase em que ocorre a transi\u00e7\u00e3o puberal) e investiga como essa matura\u00e7\u00e3o se relacionam com a fatores bio-psico-sociais (desenvolvimento puberal, estresse, sa\u00fade, ambiente, entre outros), ou seja, sa\u00fade f\u00edsica\/mental e aspectos da vida pregressa.<\/em><\/strong><\/p>\n<p><em><strong>Tivemos um olhar especial para mudan\u00e7as na autorregula\u00e7\u00e3o comportamental, associada a altera\u00e7\u00f5es de regi\u00f5es frontais do c\u00e9rebro, que s\u00e3o as \u00faltimas a amadurecerem.<\/strong><\/em><\/p><\/blockquote>\n<p>A autorregula\u00e7\u00e3o comportamental nessa faixa et\u00e1ria \u00e9 de grande interesse porque est\u00e1 associada a caracter\u00edsticas pessoais e sociais na idade adulta e senesc\u00eancia, como sa\u00fade f\u00edsica e mental, n\u00edvel socioecon\u00f4mico, sucesso acad\u00eamico e profissional, depend\u00eancia a subst\u00e2ncias qu\u00edmicas, entre outras.<\/p>\n<p>Esse foco em autorregula\u00e7\u00e3o de comportamento deriva dos seguintes fatos. Por um lado, as altera\u00e7\u00f5es neurais na adolesc\u00eancia s\u00e3o associadas a uma maior plasticidade neuronal, essencial para que sejam incorporadas experi\u00eancias que s\u00e3o necess\u00e1rias para que os adolescentes se tornem adultos independentes e prontos a encarar os desafios da vida.<\/p>\n<p>Por outro lado, essas altera\u00e7\u00f5es t\u00eam o potencial de deixar marcas estruturais e funcionais persistentes caso jovens experienciem condi\u00e7\u00f5es adversas. Isso, aliada \u00e0 falta de experi\u00eancia, faz com que o in\u00edcio da adolesc\u00eancia (at\u00e9 cerca de 16 anos), foco do presente estudo, seja uma fase chave para interven\u00e7\u00f5es que t\u00eam o potencial de maximizar o desenvolvimento pleno dos indiv\u00edduos.<\/p>\n<p>As publica\u00e7\u00f5es cient\u00edficas e produtos de divulga\u00e7\u00e3o cient\u00edfica produzidos por esse projeto podem tamb\u00e9m ser encontrados nesse Portal, al\u00e9m de informa\u00e7\u00f5es para pesquisadores interessados em adolesc\u00eancia.<\/p>\n","protected":false},"excerpt":{"rendered":"<p>O Minist\u00e9rio da Sa\u00fade, que segue a conven\u00e7\u00e3o da Organiza\u00e7\u00e3o Mundial da Sa\u00fade (OMS), considera a adolesc\u00eancia o per\u00edodo de vida compreendido entre 10 e 20 anos, uma \u00e9poca de grande vulnerabilidade a diversos desfechos negativos como problemas de sa\u00fade mental e acidentes. Isso decorre de v\u00e1rios fatores, incluindo mudan\u00e7as cerebrais que influenciam o comportamento,&hellip; <br \/> <a class=\"button small blue\" href=\"https:\/\/adole-sendo.info\/equipe\/adole-sendo\/\">Leia mais<\/a><\/p>\n","protected":false},"author":1,"featured_media":0,"parent":0,"menu_order":0,"comment_status":"closed","ping_status":"closed","template":"","meta":{"footnotes":""},"class_list":["post-202","page","type-page","status-publish","hentry"],"yoast_head":"<!-- This site is optimized with the Yoast SEO plugin v23.7 - https:\/\/yoast.com\/wordpress\/plugins\/seo\/ -->\n<title>Sobre o Projeto - Equipe<\/title>\n<meta name=\"robots\" content=\"index, follow, max-snippet:-1, max-image-preview:large, max-video-preview:-1\" \/>\n<link rel=\"canonical\" href=\"https:\/\/adole-sendo.info\/equipe\/adole-sendo\/\" \/>\n<meta property=\"og:locale\" content=\"pt_BR\" \/>\n<meta property=\"og:type\" content=\"article\" \/>\n<meta property=\"og:title\" content=\"Sobre o Projeto - Equipe\" \/>\n<meta property=\"og:description\" content=\"O Minist\u00e9rio da Sa\u00fade, que segue a conven\u00e7\u00e3o da Organiza\u00e7\u00e3o Mundial da Sa\u00fade (OMS), considera a adolesc\u00eancia o per\u00edodo de vida compreendido entre 10 e 20 anos, uma \u00e9poca de grande vulnerabilidade a diversos desfechos negativos como problemas de sa\u00fade mental e acidentes. Isso decorre de v\u00e1rios fatores, incluindo mudan\u00e7as cerebrais que influenciam o comportamento,&hellip; Leia mais\" \/>\n<meta property=\"og:url\" content=\"https:\/\/adole-sendo.info\/equipe\/adole-sendo\/\" \/>\n<meta property=\"og:site_name\" content=\"Equipe\" \/>\n<meta property=\"article:modified_time\" content=\"2023-01-26T02:02:25+00:00\" \/>\n<meta property=\"og:image\" content=\"https:\/\/adole-sendo.info\/equipe\/wp-content\/uploads\/sites\/9\/2023\/01\/pexels-cottonbro-studio-6698318.jpg\" \/>\n\t<meta property=\"og:image:width\" content=\"1280\" \/>\n\t<meta property=\"og:image:height\" content=\"853\" \/>\n\t<meta property=\"og:image:type\" content=\"image\/jpeg\" \/>\n<meta name=\"twitter:card\" content=\"summary_large_image\" \/>\n<meta name=\"twitter:label1\" content=\"Est. tempo de leitura\" \/>\n\t<meta name=\"twitter:data1\" content=\"2 minutos\" \/>\n<script type=\"application\/ld+json\" class=\"yoast-schema-graph\">{\"@context\":\"https:\/\/schema.org\",\"@graph\":[{\"@type\":\"WebPage\",\"@id\":\"https:\/\/adole-sendo.info\/equipe\/adole-sendo\/\",\"url\":\"https:\/\/adole-sendo.info\/equipe\/adole-sendo\/\",\"name\":\"Sobre o Projeto - Equipe\",\"isPartOf\":{\"@id\":\"https:\/\/adole-sendo.info\/equipe\/#website\"},\"primaryImageOfPage\":{\"@id\":\"https:\/\/adole-sendo.info\/equipe\/adole-sendo\/#primaryimage\"},\"image\":{\"@id\":\"https:\/\/adole-sendo.info\/equipe\/adole-sendo\/#primaryimage\"},\"thumbnailUrl\":\"https:\/\/adole-sendo.info\/equipe\/wp-content\/uploads\/sites\/9\/2023\/01\/pexels-cottonbro-studio-6698318-300x200.jpg\",\"datePublished\":\"2018-01-09T07:21:48+00:00\",\"dateModified\":\"2023-01-26T02:02:25+00:00\",\"breadcrumb\":{\"@id\":\"https:\/\/adole-sendo.info\/equipe\/adole-sendo\/#breadcrumb\"},\"inLanguage\":\"pt-BR\",\"potentialAction\":[{\"@type\":\"ReadAction\",\"target\":[\"https:\/\/adole-sendo.info\/equipe\/adole-sendo\/\"]}]},{\"@type\":\"ImageObject\",\"inLanguage\":\"pt-BR\",\"@id\":\"https:\/\/adole-sendo.info\/equipe\/adole-sendo\/#primaryimage\",\"url\":\"https:\/\/adole-sendo.info\/equipe\/wp-content\/uploads\/sites\/9\/2023\/01\/pexels-cottonbro-studio-6698318.jpg\",\"contentUrl\":\"https:\/\/adole-sendo.info\/equipe\/wp-content\/uploads\/sites\/9\/2023\/01\/pexels-cottonbro-studio-6698318.jpg\",\"width\":1280,\"height\":853},{\"@type\":\"BreadcrumbList\",\"@id\":\"https:\/\/adole-sendo.info\/equipe\/adole-sendo\/#breadcrumb\",\"itemListElement\":[{\"@type\":\"ListItem\",\"position\":1,\"name\":\"In\u00edcio\",\"item\":\"https:\/\/adole-sendo.info\/equipe\/\"},{\"@type\":\"ListItem\",\"position\":2,\"name\":\"Sobre o Projeto\"}]},{\"@type\":\"WebSite\",\"@id\":\"https:\/\/adole-sendo.info\/equipe\/#website\",\"url\":\"https:\/\/adole-sendo.info\/equipe\/\",\"name\":\"Equipe\",\"description\":\"\",\"publisher\":{\"@id\":\"https:\/\/adole-sendo.info\/equipe\/#organization\"},\"potentialAction\":[{\"@type\":\"SearchAction\",\"target\":{\"@type\":\"EntryPoint\",\"urlTemplate\":\"https:\/\/adole-sendo.info\/equipe\/?s={search_term_string}\"},\"query-input\":{\"@type\":\"PropertyValueSpecification\",\"valueRequired\":true,\"valueName\":\"search_term_string\"}}],\"inLanguage\":\"pt-BR\"},{\"@type\":\"Organization\",\"@id\":\"https:\/\/adole-sendo.info\/equipe\/#organization\",\"name\":\"Equipe\",\"url\":\"https:\/\/adole-sendo.info\/equipe\/\",\"logo\":{\"@type\":\"ImageObject\",\"inLanguage\":\"pt-BR\",\"@id\":\"https:\/\/adole-sendo.info\/equipe\/#\/schema\/logo\/image\/\",\"url\":\"https:\/\/adole-sendo.info\/equipe\/wp-content\/uploads\/sites\/9\/2022\/05\/logopretopequeno.fw_-270x300.png\",\"contentUrl\":\"https:\/\/adole-sendo.info\/equipe\/wp-content\/uploads\/sites\/9\/2022\/05\/logopretopequeno.fw_-270x300.png\",\"width\":270,\"height\":300,\"caption\":\"Equipe\"},\"image\":{\"@id\":\"https:\/\/adole-sendo.info\/equipe\/#\/schema\/logo\/image\/\"}}]}<\/script>\n<!-- \/ Yoast SEO plugin. -->","yoast_head_json":{"title":"Sobre o Projeto - Equipe","robots":{"index":"index","follow":"follow","max-snippet":"max-snippet:-1","max-image-preview":"max-image-preview:large","max-video-preview":"max-video-preview:-1"},"canonical":"https:\/\/adole-sendo.info\/equipe\/adole-sendo\/","og_locale":"pt_BR","og_type":"article","og_title":"Sobre o Projeto - Equipe","og_description":"O Minist\u00e9rio da Sa\u00fade, que segue a conven\u00e7\u00e3o da Organiza\u00e7\u00e3o Mundial da Sa\u00fade (OMS), considera a adolesc\u00eancia o per\u00edodo de vida compreendido entre 10 e 20 anos, uma \u00e9poca de grande vulnerabilidade a diversos desfechos negativos como problemas de sa\u00fade mental e acidentes. Isso decorre de v\u00e1rios fatores, incluindo mudan\u00e7as cerebrais que influenciam o comportamento,&hellip; Leia mais","og_url":"https:\/\/adole-sendo.info\/equipe\/adole-sendo\/","og_site_name":"Equipe","article_modified_time":"2023-01-26T02:02:25+00:00","og_image":[{"width":1280,"height":853,"url":"https:\/\/adole-sendo.info\/equipe\/wp-content\/uploads\/sites\/9\/2023\/01\/pexels-cottonbro-studio-6698318.jpg","type":"image\/jpeg"}],"twitter_card":"summary_large_image","twitter_misc":{"Est. tempo de leitura":"2 minutos"},"schema":{"@context":"https:\/\/schema.org","@graph":[{"@type":"WebPage","@id":"https:\/\/adole-sendo.info\/equipe\/adole-sendo\/","url":"https:\/\/adole-sendo.info\/equipe\/adole-sendo\/","name":"Sobre o Projeto - Equipe","isPartOf":{"@id":"https:\/\/adole-sendo.info\/equipe\/#website"},"primaryImageOfPage":{"@id":"https:\/\/adole-sendo.info\/equipe\/adole-sendo\/#primaryimage"},"image":{"@id":"https:\/\/adole-sendo.info\/equipe\/adole-sendo\/#primaryimage"},"thumbnailUrl":"https:\/\/adole-sendo.info\/equipe\/wp-content\/uploads\/sites\/9\/2023\/01\/pexels-cottonbro-studio-6698318-300x200.jpg","datePublished":"2018-01-09T07:21:48+00:00","dateModified":"2023-01-26T02:02:25+00:00","breadcrumb":{"@id":"https:\/\/adole-sendo.info\/equipe\/adole-sendo\/#breadcrumb"},"inLanguage":"pt-BR","potentialAction":[{"@type":"ReadAction","target":["https:\/\/adole-sendo.info\/equipe\/adole-sendo\/"]}]},{"@type":"ImageObject","inLanguage":"pt-BR","@id":"https:\/\/adole-sendo.info\/equipe\/adole-sendo\/#primaryimage","url":"https:\/\/adole-sendo.info\/equipe\/wp-content\/uploads\/sites\/9\/2023\/01\/pexels-cottonbro-studio-6698318.jpg","contentUrl":"https:\/\/adole-sendo.info\/equipe\/wp-content\/uploads\/sites\/9\/2023\/01\/pexels-cottonbro-studio-6698318.jpg","width":1280,"height":853},{"@type":"BreadcrumbList","@id":"https:\/\/adole-sendo.info\/equipe\/adole-sendo\/#breadcrumb","itemListElement":[{"@type":"ListItem","position":1,"name":"In\u00edcio","item":"https:\/\/adole-sendo.info\/equipe\/"},{"@type":"ListItem","position":2,"name":"Sobre o Projeto"}]},{"@type":"WebSite","@id":"https:\/\/adole-sendo.info\/equipe\/#website","url":"https:\/\/adole-sendo.info\/equipe\/","name":"Equipe","description":"","publisher":{"@id":"https:\/\/adole-sendo.info\/equipe\/#organization"},"potentialAction":[{"@type":"SearchAction","target":{"@type":"EntryPoint","urlTemplate":"https:\/\/adole-sendo.info\/equipe\/?s={search_term_string}"},"query-input":{"@type":"PropertyValueSpecification","valueRequired":true,"valueName":"search_term_string"}}],"inLanguage":"pt-BR"},{"@type":"Organization","@id":"https:\/\/adole-sendo.info\/equipe\/#organization","name":"Equipe","url":"https:\/\/adole-sendo.info\/equipe\/","logo":{"@type":"ImageObject","inLanguage":"pt-BR","@id":"https:\/\/adole-sendo.info\/equipe\/#\/schema\/logo\/image\/","url":"https:\/\/adole-sendo.info\/equipe\/wp-content\/uploads\/sites\/9\/2022\/05\/logopretopequeno.fw_-270x300.png","contentUrl":"https:\/\/adole-sendo.info\/equipe\/wp-content\/uploads\/sites\/9\/2022\/05\/logopretopequeno.fw_-270x300.png","width":270,"height":300,"caption":"Equipe"},"image":{"@id":"https:\/\/adole-sendo.info\/equipe\/#\/schema\/logo\/image\/"}}]}},"_links":{"self":[{"href":"https:\/\/adole-sendo.info\/equipe\/wp-json\/wp\/v2\/pages\/202"}],"collection":[{"href":"https:\/\/adole-sendo.info\/equipe\/wp-json\/wp\/v2\/pages"}],"about":[{"href":"https:\/\/adole-sendo.info\/equipe\/wp-json\/wp\/v2\/types\/page"}],"author":[{"embeddable":true,"href":"https:\/\/adole-sendo.info\/equipe\/wp-json\/wp\/v2\/users\/1"}],"replies":[{"embeddable":true,"href":"https:\/\/adole-sendo.info\/equipe\/wp-json\/wp\/v2\/comments?post=202"}],"version-history":[{"count":16,"href":"https:\/\/adole-sendo.info\/equipe\/wp-json\/wp\/v2\/pages\/202\/revisions"}],"predecessor-version":[{"id":1094,"href":"https:\/\/adole-sendo.info\/equipe\/wp-json\/wp\/v2\/pages\/202\/revisions\/1094"}],"wp:attachment":[{"href":"https:\/\/adole-sendo.info\/equipe\/wp-json\/wp\/v2\/media?parent=202"}],"curies":[{"name":"wp","href":"https:\/\/api.w.org\/{rel}","templated":true}]}}